{"id":24289,"date":"2021-11-22T15:51:16","date_gmt":"2021-11-22T14:51:16","guid":{"rendered":"https:\/\/aquaboulevard.fr\/seo-piscine-en-paris\/"},"modified":"2023-07-04T16:40:13","modified_gmt":"2023-07-04T14:40:13","slug":"seo-piscine-en-paris","status":"publish","type":"page","link":"https:\/\/aquaboulevard.fr\/es\/seo-piscine-en-paris\/","title":{"rendered":"SEO Piscine en Par\u00eds"},"content":{"rendered":"<div class=\"wpb-content-wrapper\"><p>[vc_row full_width=&#8221;stretch_row&#8221; disable_element=&#8221;yes&#8221; css=&#8221;.vc_custom_1627048367269{background-image: url(https:\/\/aquaboulevard.fr\/wp-content\/uploads\/2017\/06\/bg-6-1.jpg?id=368) !important;background-position: center !important;background-repeat: no-repeat !important;background-size: cover !important;}&#8221;][vc_column][vc_empty_space alter_height=&#8221;huge&#8221; hide_on_mobile=&#8221;&#8221;][vc_empty_space alter_height=&#8221;huge&#8221; hide_on_mobile=&#8221;&#8221;][\/vc_column][\/vc_row][vc_row full_width=&#8221;stretch_row&#8221; css=&#8221;.vc_custom_1637589902794{background-position: 0 0 !important;background-repeat: no-repeat !important;}&#8221;][vc_column][vc_empty_space alter_height=&#8221;huge&#8221; hide_on_mobile=&#8221;&#8221;]<div id=\"sc_content_1386930113\"\n\t\tclass=\"sc_content color_style_default sc_content_default sc_float_center\"><div class=\"sc_content_container\">[vc_row_inner][vc_column_inner width=&#8221;1\/2&#8243;][vc_single_image image=&#8221;23852&#8243; img_size=&#8221;569&#215;635&#8243;][\/vc_column_inner][vc_column_inner width=&#8221;1\/2&#8243; offset=&#8221;vc_col-md-offset-1 vc_col-md-5&#8243;]<div id=\"sc_title_575679761\"\n\t\tclass=\"sc_title color_style_default sc_title_default\"><h6 class=\"sc_item_subtitle sc_title_subtitle sc_align_left sc_item_title_style_default\">Sports et Loisirs nautiques \u00e0 l'Aquaboulevard<\/h6><h2 class=\"sc_item_title sc_title_title sc_align_left sc_item_title_style_default sc_item_title_tag\">Piscines <i>\u00e0 Paris <\/i><\/h2><\/div><!-- \/.sc_title -->[vc_empty_space alter_height=&#8221;medium&#8221; hide_on_mobile=&#8221;&#8221;][vc_column_text]<\/p>\n<h6>\u00bfLe apetece darse un chapuz\u00f3n en una piscina de Par\u00eds? Vaya a por todas y descubra Aquaboulevard, un enorme parque acu\u00e1tico en el distrito 15 de Par\u00eds. Ideal para hacer ejercicio, descubrir nuevos deportes acu\u00e1ticos, divertirse y simplemente pasarlo en grande.<\/h6>\n<p>Hay innumerables piscinas en Par\u00eds. Hay decenas de ellas, en todos los distritos de la capital. Pero si est\u00e1 cansado de las piscinas tradicionales y quiere pasar un buen rato en una piscina m\u00e1s grande y original en Par\u00eds, dir\u00edjase a Aquaboulevard, el mayor parque acu\u00e1tico urbano de Europa. [\/vc_column_text][vc_empty_space alter_height=&#8221;medium&#8221; hide_on_mobile=&#8221;&#8221; css=&#8221;.vc_custom_1502789131405{margin-bottom: -0.35rem !important;}&#8221;][\/vc_column_inner][\/vc_row_inner]<\/div><\/div><!-- \/.sc_content -->[vc_empty_space alter_height=&#8221;huge&#8221; hide_on_mobile=&#8221;&#8221;][\/vc_column][\/vc_row][vc_row full_width=&#8221;stretch_row&#8221; scheme=&#8221;dark&#8221; css=&#8221;.vc_custom_1627316516864{background-image: url(https:\/\/aquaboulevard.fr\/wp-content\/uploads\/2017\/06\/blue_bg2.jpg?id=498) !important;background-position: center !important;background-repeat: no-repeat !important;background-size: cover !important;}&#8221;][vc_column][vc_empty_space alter_height=&#8221;none&#8221; hide_on_mobile=&#8221;&#8221;]<div id=\"sc_title_1957124714\"\n\t\tclass=\"sc_title color_style_default sc_title_default\"><h6 class=\"sc_item_subtitle sc_title_subtitle sc_align_center sc_item_title_style_default\">Une piscine \u00e0 Paris format XXL<\/h6><h2 class=\"sc_item_title sc_title_title sc_align_center sc_item_title_style_default sc_item_title_tag\">pour s'amuser ...<\/h2><\/div><!-- \/.sc_title -->[vc_empty_space alter_height=&#8221;none&#8221; hide_on_mobile=&#8221;&#8221;]<div id=\"sc_content_843130109\"\n\t\tclass=\"sc_content color_style_default sc_content_default sc_float_center\"><div class=\"sc_content_container\">[vc_row_inner][vc_column_inner width=&#8221;1\/2&#8243;][vc_empty_space height=&#8221;12px&#8221; alter_height=&#8221;none&#8221; hide_on_mobile=&#8221;&#8221;][vc_column_text]Con sus 6 hect\u00e1reas de superficie y 7.000 m2 de parque acu\u00e1tico, Aquaboulevard es un para\u00edso para los amantes de los deportes n\u00e1uticos y el ocio.<\/p>\n<p>Esta piscina del distrito 15 de Par\u00eds tiene unas dimensiones XXL, con un agua a 29\u00b0 todo el a\u00f1o, y ofrece un sinf\u00edn de zonas de diversi\u00f3n que incluyen piscinas de olas (wavelets para los m\u00e1s peque\u00f1os, las olas m\u00e1s fuertes de Europa para los amantes de las emociones fuertes), 11 toboganes gigantes de diferentes niveles (de suaves a ultrarr\u00e1pidos), un wakebox para los amantes del wakeboard, ba\u00f1os de burbujas, ca\u00f1ones de agua, jacuzzis, boyas gigantes, un juego de cuerdas, una playa de arena fina de 4.000 m2&#8230;. y, por supuesto, socorristas cualificados, como en todas las piscinas de Par\u00eds, para garantizar la seguridad y tranquilidad de los ba\u00f1istas.[\/vc_column_text][vc_empty_space alter_height=&#8221;medium&#8221; hide_on_mobile=&#8221;&#8221; css=&#8221;.vc_custom_1502789131405{margin-bottom: -0.35rem !important;}&#8221;][\/vc_column_inner][vc_column_inner width=&#8221;1\/2&#8243; offset=&#8221;vc_col-md-offset-1 vc_col-md-5&#8243;][vc_single_image image=&#8221;23855&#8243; img_size=&#8221;full&#8221;][\/vc_column_inner][\/vc_row_inner]<\/div><\/div><!-- \/.sc_content -->[vc_empty_space alter_height=&#8221;huge&#8221; hide_on_mobile=&#8221;&#8221;][\/vc_column][\/vc_row][vc_row full_width=&#8221;stretch_row&#8221; css=&#8221;.vc_custom_1637589902794{background-position: 0 0 !important;background-repeat: no-repeat !important;}&#8221;][vc_column][vc_empty_space alter_height=&#8221;huge&#8221; hide_on_mobile=&#8221;&#8221;]<div id=\"sc_content_1086007868\"\n\t\tclass=\"sc_content color_style_default sc_content_default sc_float_center\"><div class=\"sc_content_container\">[vc_row_inner][vc_column_inner width=&#8221;1\/2&#8243;][vc_single_image image=&#8221;23893&#8243; img_size=&#8221;569&#215;635&#8243;][\/vc_column_inner][vc_column_inner width=&#8221;1\/2&#8243; offset=&#8221;vc_col-md-offset-1 vc_col-md-5&#8243;]<div id=\"sc_title_670846219\"\n\t\tclass=\"sc_title color_style_default sc_title_default\"><h6 class=\"sc_item_subtitle sc_title_subtitle sc_align_left sc_item_title_style_default\">... Et faire du sport<\/h6><h2 class=\"sc_item_title sc_title_title sc_align_left sc_item_title_style_default sc_item_title_tag\">dans l'eau !<\/h2><\/div><!-- \/.sc_title -->[vc_empty_space alter_height=&#8221;medium&#8221; hide_on_mobile=&#8221;&#8221;][vc_column_text]Ir a Aquaboulevard no es s\u00f3lo zambullirse en una piscina en Par\u00eds, deslizarse por los toboganes o retozar en las olas, es tambi\u00e9n descubrir el club Forest Hill en el coraz\u00f3n del parque acu\u00e1tico y disfrutar de un sinf\u00edn de actividades n\u00e1uticas, algunas de ellas muy originales.<\/p>\n<p>Aqua BodyBike, Aqua Power, Aqua Gym, Aqua Punch, Aqua Combat, Aqua Sculpt, Aqua Dynamic, Aqua Step, Aqua Impact, Aqua Training, Aqua Work&#8230; En esta piscina de Par\u00eds podr\u00e1 elegir entre una amplia gama de actividades para mantener el cuerpo en forma, desarrollar los m\u00fasculos o simplemente relajarse. S\u00f3lo tiene que elegir la que m\u00e1s le convenga. Despu\u00e9s, podr\u00e1 relajarse en una de las 3 saunas o en el hammam.<\/p>\n<p>Aproveche su visita a Aquaboulevard para descubrir todo el parque acu\u00e1tico, que tambi\u00e9n cuenta con pistas de tenis, un gimnasio y un complejo de cines.<\/p>\n<p>Tanto si viaja solo, en pareja o en familia, como si es m\u00e1s deportista o aficionado a las atracciones, aqu\u00ed todo se ha dise\u00f1ado para atraer al mayor n\u00famero posible de personas y garantizarle una estancia maravillosa.[\/vc_column_text][vc_empty_space alter_height=&#8221;medium&#8221; hide_on_mobile=&#8221;&#8221; css=&#8221;.vc_custom_1502789131405{margin-bottom: -0.35rem !important;}&#8221;][\/vc_column_inner][\/vc_row_inner]<\/div><\/div><!-- \/.sc_content -->[vc_empty_space alter_height=&#8221;huge&#8221; hide_on_mobile=&#8221;&#8221;][\/vc_column][\/vc_row]<\/p>\n<\/div>","protected":false},"excerpt":{"rendered":"<p>[vc_row full_width=&#8221;stretch_row&#8221; disable_element=&#8221;yes&#8221; css=&#8221;.vc_custom_1627048367269{background-image: url(https:\/\/aquaboulevard.fr\/wp-content\/uploads\/2017\/06\/bg-6-1.jpg?id=368) !important;background-position: center !important;background-repeat: no-repeat !important;background-size: cover !important;}&#8221;][vc_column][vc_empty_space alter_height=&#8221;huge&#8221; hide_on_mobile=&#8221;&#8221;][vc_empty_space alter_height=&#8221;huge&#8221; hide_on_mobile=&#8221;&#8221;][\/vc_column][\/vc_row][vc_row full_width=&#8221;stretch_row&#8221; css=&#8221;.vc_custom_1637589902794{background-position: 0 0 !important;background-repeat: no-repeat !important;}&#8221;][vc_column][vc_empty_space alter_height=&#8221;huge&#8221; hide_on_mobile=&#8221;&#8221;][vc_empty_space alter_height=&#8221;huge&#8221; hide_on_mobile=&#8221;&#8221;][\/vc_column][\/vc_row][vc_row full_width=&#8221;stretch_row&#8221; scheme=&#8221;dark&#8221; css=&#8221;.vc_custom_1627316516864{background-image: url(https:\/\/aquaboulevard.fr\/wp-content\/uploads\/2017\/06\/blue_bg2.jpg?id=498) !important;background-position: center !important;background-repeat: no-repeat !important;background-size: cover !important;}&#8221;][vc_column][vc_empty_space alter_height=&#8221;none&#8221; hide_on_mobile=&#8221;&#8221;][vc_empty_space alter_height=&#8221;none&#8221; hide_on_mobile=&#8221;&#8221;][vc_empty_space alter_height=&#8221;huge&#8221; hide_on_mobile=&#8221;&#8221;][\/vc_column][\/vc_row][vc_row full_width=&#8221;stretch_row&#8221; css=&#8221;.vc_custom_1637589902794{background-position: 0 0 !important;background-repeat: no-repeat !important;}&#8221;][vc_column][vc_empty_space alter_height=&#8221;huge&#8221; hide_on_mobile=&#8221;&#8221;][vc_empty_space alter_height=&#8221;huge&#8221; hide_on_mobile=&#8221;&#8221;][\/vc_column][\/vc_row]<\/p>\n","protected":false},"author":992095,"featured_media":0,"parent":0,"menu_order":0,"comment_status":"closed","ping_status":"closed","template":"","meta":{"footnotes":""},"class_list":["post-24289","page","type-page","status-publish","hentry"],"yoast_head":"<!-- This site is optimized with the Yoast SEO plugin v27.2 - https:\/\/yoast.com\/product\/yoast-seo-wordpress\/ -->\n<title>Piscina en Par\u00eds 15 : SITIO WEB OFICIAL<\/title>\n<meta name=\"description\" content=\"Descubra nuestra piscina en el distrito 15 de Par\u00eds. Piscina Par\u00eds con piscinas de olas, 11 toboganes, wakeboard y deportes acu\u00e1ticos, playa de arena y sauna.\" \/>\n<meta name=\"robots\" content=\"index, follow, max-snippet:-1, max-image-preview:large, max-video-preview:-1\" \/>\n<link rel=\"canonical\" href=\"https:\/\/aquaboulevard.fr\/es\/seo-piscine-en-paris\/\" \/>\n<meta property=\"og:locale\" content=\"es_ES\" \/>\n<meta property=\"og:type\" content=\"article\" \/>\n<meta property=\"og:title\" content=\"Piscina en Par\u00eds 15 : SITIO WEB OFICIAL\" \/>\n<meta property=\"og:description\" content=\"Descubra nuestra piscina en el distrito 15 de Par\u00eds. Piscina Par\u00eds con piscinas de olas, 11 toboganes, wakeboard y deportes acu\u00e1ticos, playa de arena y sauna.\" \/>\n<meta property=\"og:url\" content=\"https:\/\/aquaboulevard.fr\/es\/seo-piscine-en-paris\/\" \/>\n<meta property=\"og:site_name\" content=\"Aquaboulevard de Paris\" \/>\n<meta property=\"article:modified_time\" content=\"2023-07-04T14:40:13+00:00\" \/>\n<meta name=\"twitter:card\" content=\"summary_large_image\" \/>\n<meta name=\"twitter:label1\" content=\"Est. reading time\" \/>\n\t<meta name=\"twitter:data1\" content=\"5 minutes\" \/>\n<script type=\"application\/ld+json\" class=\"yoast-schema-graph\">{\"@context\":\"https:\/\/schema.org\",\"@graph\":[{\"@type\":\"WebPage\",\"@id\":\"https:\/\/aquaboulevard.fr\/es\/seo-piscine-en-paris\/\",\"url\":\"https:\/\/aquaboulevard.fr\/es\/seo-piscine-en-paris\/\",\"name\":\"Piscina en Par\u00eds 15 : SITIO WEB OFICIAL\",\"isPartOf\":{\"@id\":\"https:\/\/aquaboulevard.fr\/#website\"},\"datePublished\":\"2021-11-22T14:51:16+00:00\",\"dateModified\":\"2023-07-04T14:40:13+00:00\",\"description\":\"Descubra nuestra piscina en el distrito 15 de Par\u00eds. Piscina Par\u00eds con piscinas de olas, 11 toboganes, wakeboard y deportes acu\u00e1ticos, playa de arena y sauna.\",\"breadcrumb\":{\"@id\":\"https:\/\/aquaboulevard.fr\/es\/seo-piscine-en-paris\/#breadcrumb\"},\"inLanguage\":\"es-ES\",\"potentialAction\":[{\"@type\":\"ReadAction\",\"target\":[\"https:\/\/aquaboulevard.fr\/es\/seo-piscine-en-paris\/\"]}]},{\"@type\":\"BreadcrumbList\",\"@id\":\"https:\/\/aquaboulevard.fr\/es\/seo-piscine-en-paris\/#breadcrumb\",\"itemListElement\":[{\"@type\":\"ListItem\",\"position\":1,\"name\":\"Accueil\",\"item\":\"https:\/\/aquaboulevard.fr\/es\/inicio\/\"},{\"@type\":\"ListItem\",\"position\":2,\"name\":\"SEO Piscine en Par\u00eds\"}]},{\"@type\":\"WebSite\",\"@id\":\"https:\/\/aquaboulevard.fr\/#website\",\"url\":\"https:\/\/aquaboulevard.fr\/\",\"name\":\"Aquaboulevard de Paris\",\"description\":\"Parc aquatique urbain\",\"potentialAction\":[{\"@type\":\"SearchAction\",\"target\":{\"@type\":\"EntryPoint\",\"urlTemplate\":\"https:\/\/aquaboulevard.fr\/?s={search_term_string}\"},\"query-input\":{\"@type\":\"PropertyValueSpecification\",\"valueRequired\":true,\"valueName\":\"search_term_string\"}}],\"inLanguage\":\"es-ES\"}]}<\/script>\n<!-- \/ Yoast SEO plugin. -->","yoast_head_json":{"title":"Piscina en Par\u00eds 15 : SITIO WEB OFICIAL","description":"Descubra nuestra piscina en el distrito 15 de Par\u00eds. Piscina Par\u00eds con piscinas de olas, 11 toboganes, wakeboard y deportes acu\u00e1ticos, playa de arena y sauna.","robots":{"index":"index","follow":"follow","max-snippet":"max-snippet:-1","max-image-preview":"max-image-preview:large","max-video-preview":"max-video-preview:-1"},"canonical":"https:\/\/aquaboulevard.fr\/es\/seo-piscine-en-paris\/","og_locale":"es_ES","og_type":"article","og_title":"Piscina en Par\u00eds 15 : SITIO WEB OFICIAL","og_description":"Descubra nuestra piscina en el distrito 15 de Par\u00eds. Piscina Par\u00eds con piscinas de olas, 11 toboganes, wakeboard y deportes acu\u00e1ticos, playa de arena y sauna.","og_url":"https:\/\/aquaboulevard.fr\/es\/seo-piscine-en-paris\/","og_site_name":"Aquaboulevard de Paris","article_modified_time":"2023-07-04T14:40:13+00:00","twitter_card":"summary_large_image","twitter_misc":{"Est. reading time":"5 minutes"},"schema":{"@context":"https:\/\/schema.org","@graph":[{"@type":"WebPage","@id":"https:\/\/aquaboulevard.fr\/es\/seo-piscine-en-paris\/","url":"https:\/\/aquaboulevard.fr\/es\/seo-piscine-en-paris\/","name":"Piscina en Par\u00eds 15 : SITIO WEB OFICIAL","isPartOf":{"@id":"https:\/\/aquaboulevard.fr\/#website"},"datePublished":"2021-11-22T14:51:16+00:00","dateModified":"2023-07-04T14:40:13+00:00","description":"Descubra nuestra piscina en el distrito 15 de Par\u00eds. Piscina Par\u00eds con piscinas de olas, 11 toboganes, wakeboard y deportes acu\u00e1ticos, playa de arena y sauna.","breadcrumb":{"@id":"https:\/\/aquaboulevard.fr\/es\/seo-piscine-en-paris\/#breadcrumb"},"inLanguage":"es-ES","potentialAction":[{"@type":"ReadAction","target":["https:\/\/aquaboulevard.fr\/es\/seo-piscine-en-paris\/"]}]},{"@type":"BreadcrumbList","@id":"https:\/\/aquaboulevard.fr\/es\/seo-piscine-en-paris\/#breadcrumb","itemListElement":[{"@type":"ListItem","position":1,"name":"Accueil","item":"https:\/\/aquaboulevard.fr\/es\/inicio\/"},{"@type":"ListItem","position":2,"name":"SEO Piscine en Par\u00eds"}]},{"@type":"WebSite","@id":"https:\/\/aquaboulevard.fr\/#website","url":"https:\/\/aquaboulevard.fr\/","name":"Aquaboulevard de Paris","description":"Parc aquatique urbain","potentialAction":[{"@type":"SearchAction","target":{"@type":"EntryPoint","urlTemplate":"https:\/\/aquaboulevard.fr\/?s={search_term_string}"},"query-input":{"@type":"PropertyValueSpecification","valueRequired":true,"valueName":"search_term_string"}}],"inLanguage":"es-ES"}]}},"_links":{"self":[{"href":"https:\/\/aquaboulevard.fr\/es\/wp-json\/wp\/v2\/pages\/24289","targetHints":{"allow":["GET"]}}],"collection":[{"href":"https:\/\/aquaboulevard.fr\/es\/wp-json\/wp\/v2\/pages"}],"about":[{"href":"https:\/\/aquaboulevard.fr\/es\/wp-json\/wp\/v2\/types\/page"}],"author":[{"embeddable":true,"href":"https:\/\/aquaboulevard.fr\/es\/wp-json\/wp\/v2\/users\/992095"}],"replies":[{"embeddable":true,"href":"https:\/\/aquaboulevard.fr\/es\/wp-json\/wp\/v2\/comments?post=24289"}],"version-history":[{"count":7,"href":"https:\/\/aquaboulevard.fr\/es\/wp-json\/wp\/v2\/pages\/24289\/revisions"}],"predecessor-version":[{"id":24303,"href":"https:\/\/aquaboulevard.fr\/es\/wp-json\/wp\/v2\/pages\/24289\/revisions\/24303"}],"wp:attachment":[{"href":"https:\/\/aquaboulevard.fr\/es\/wp-json\/wp\/v2\/media?parent=24289"}],"curies":[{"name":"wp","href":"https:\/\/api.w.org\/{rel}","templated":true}]}}