{"id":24157,"date":"2021-07-22T17:09:07","date_gmt":"2021-07-22T15:09:07","guid":{"rendered":"https:\/\/aquaboulevard.fr\/higiene-seguridad\/"},"modified":"2023-07-04T18:19:33","modified_gmt":"2023-07-04T16:19:33","slug":"higiene-seguridad","status":"publish","type":"page","link":"https:\/\/aquaboulevard.fr\/es\/higiene-seguridad\/","title":{"rendered":"Higiene &amp; Seguridad"},"content":{"rendered":"<div class=\"wpb-content-wrapper\"><p>[vc_row][vc_column][vc_column_text]<\/p>\n<h2 style=\"text-align: center;\">Higiene &amp; Seguridad<\/h2>\n<div class=\"dummy\"><\/div>\n<p>[\/vc_column_text][\/vc_column][\/vc_row][vc_row][vc_column][vc_tta_tabs shape=&#8221;square&#8221; spacing=&#8221;&#8221; active_section=&#8221;1&#8243; no_fill_content_area=&#8221;true&#8221;][vc_tta_section title=&#8221;Higiene&#8221; tab_id=&#8221;1479118471653-c7e7d0ce-5760&#8243;][vc_single_image image=&#8221;23888&#8243; img_size=&#8221;full&#8221;][vc_empty_space height=&#8221;2.4rem&#8221; alter_height=&#8221;none&#8221; hide_on_mobile=&#8221;&#8221;][vc_column_text]<\/p>\n<h6>Higiene: Nuestra primera prioridad<\/h6>\n<ul>\n<li>Est\u00e1 asegurada en todo el parque por nuestros equipos de mantenimiento (parte seca y parte h\u00fameda).<\/li>\n<li>M\u00e1s all\u00e1 de las normas de calidad legales obligatorias, el agua de todas nuestras cuencas se repone, se trata y se recicla en tiempo real.<\/li>\n<\/ul>\n<p>[\/vc_column_text][\/vc_tta_section][vc_tta_section title=&#8221;Seguridad&#8221; tab_id=&#8221;1496407557429-969676f1-318e&#8221;][vc_single_image image=&#8221;23887&#8243; img_size=&#8221;full&#8221;][vc_empty_space height=&#8221;2.4rem&#8221; alter_height=&#8221;none&#8221; hide_on_mobile=&#8221;&#8221;][vc_column_text]<\/p>\n<ul>\n<li>En todo momento, toda la tripulaci\u00f3n de nuestros salvavidas graduados permanece muy vigilante para su m\u00e1xima seguridad.<\/li>\n<li>Las c\u00e1maras y el personal de vigilancia vigilan constantemente su tranquilidad.<\/li>\n<li>Dentro del parque acu\u00e1tico hay dos puestos de seguridad.<\/li>\n<\/ul>\n<p>[\/vc_column_text][\/vc_tta_section][\/vc_tta_tabs][\/vc_column][\/vc_row][vc_row disable_element=&#8221;yes&#8221;][vc_column][vc_separator][\/vc_column][\/vc_row][vc_row disable_element=&#8221;yes&#8221; el_id=&#8221;protocole&#8221; el_class=&#8221;protocole&#8221;][vc_column][vc_column_text]<\/p>\n<h2 style=\"text-align: center;\">Protocolo de higiene<\/h2>\n<div class=\"dummy\"><\/div>\n<p>[\/vc_column_text][vc_column_text]<\/p>\n<h4>PASE VACUNAL<\/h4>\n<p>Depuis le 24 janvier 2022, l&#8217;acc\u00e8s au parc aquatique de l&#8217;Aquaboulevard est soumis \u00e0 la pr\u00e9sentation d&#8217;un <strong>pass vaccinal VALIDE<\/strong> :<\/p>\n<ul>\n<li style=\"text-align: left;\">\n<div><strong>Les personnes devront disposer d&#8217;un sch\u00e9ma vaccinal complet et du d\u00e9lai n\u00e9cessaire post injection finale, soit :<\/strong><\/div>\n<ul>\n<li><strong>2 doses<\/strong> + la <strong>dose de rappel<\/strong> ;<\/li>\n<li>1 <strong>certificat de r\u00e9tablissement<\/strong> datant d&#8217;<strong>au moins 11 jours<\/strong> et de <strong>moins de 6 mois<\/strong> ;<\/li>\n<li>1 <strong>certificat de contre-indication \u00e0 la vaccination<\/strong> contre la Covid 19 ;<\/li>\n<li>Une d\u00e9rogation sera possible<strong> jusqu&#8217;au 15 f\u00e9vrier 2022<\/strong> pour les personnes, <strong>ayant re\u00e7ues leur premi\u00e8re dose de vaccin et dans l&#8217;attente de la seconde et pr\u00e9sentant un certificat de test n\u00e9gatif de moins de 24h<\/strong>.<\/li>\n<\/ul>\n<\/li>\n<\/ul>\n<div><strong>Le pass vaccinal est obligatoire \u00e0 partir de 16 ans<\/strong>.<br \/>\nLes <strong>jeunes de 12 \u00e0 15 ans<\/strong> inclus devront quant \u00e0 eux pr\u00e9senter un <strong>pass sanitaire VALIDE<\/strong> et un <strong>test n\u00e9gatif de moins de 24h<\/strong>.<\/div>\n<p>&nbsp;<\/p>\n<div>Tous les tests RT-PCR et antig\u00e9niques g\u00e9n\u00e8rent une preuve d\u00e8s la saisie du r\u00e9sultat par le professionnel de sant\u00e9 dans SI-DEP, qui peut \u00eatre imprim\u00e9e en direct et qui est \u00e9galement mise \u00e0 disposition du patient via un mail et un SMS pour aller la r\u00e9cup\u00e9rer sur <a class=\"atClass\" title=\"Lien vers Si-Dep (nouvelle fen\u00eatre)\" href=\"https:\/\/sidep.gouv.fr\/cyberlab\/patientviewer.jsp\" target=\"_blank\" rel=\"noopener\">le portail SI-DEP<\/a>.<\/div>\n<div><\/div>\n<p>[\/vc_column_text][vc_separator][vc_column_text]<\/p>\n<h4 style=\"text-align: center;\">PROT\u00c9GEZ LES AUTRES ET PROT\u00c9GEZ VOUS-M\u00caME<\/h4>\n<p style=\"text-align: center;\">Nous avons \u00e9labor\u00e9 ce protocole de r\u00e9ouverture pr\u00e9voyant toutes les mesures d&#8217;hygi\u00e8ne et de s\u00e9curit\u00e9 \u00e0 respecter, afin de vous accueillir en toute confiance.<\/p>\n<h4>NETTOYAGE ET D\u00c9SINFECTION<\/h4>\n<p>Une \u00e9quipe sp\u00e9ciale COVID a \u00e9t\u00e9 mise en place pour une d\u00e9sinfection totale de l&#8217;ensemble de vos espaces.<\/p>\n<ul>\n<li>Chaque jour, 4 cr\u00e9neaux de d\u00e9sinfection minimum sont programm\u00e9s. Nos collaborateurs sont form\u00e9s \u00e0 l&#8217;ensemble des proc\u00e9dures de s\u00e9curit\u00e9, de nettoyage et d\u2019hygi\u00e8ne.<\/li>\n<li>L&#8217;Aquaboulevard de Paris mettra \u00e0 votre disposition de nombreux distributeurs sans contact pour vous laver les mains, chaque fois que n\u00e9cessaire, avec du gel hydroalcoolique.<\/li>\n<li>L&#8217;Aquaboulevard de Paris dispose de suffisamment d&#8217;espaces, permettant de respecter la distanciation sociale.<\/li>\n<li>En amont de la r\u00e9ouverture, la vidange des bassins a \u00e9t\u00e9 r\u00e9alis\u00e9e ainsi qu&#8217;une d\u00e9sinfection totale des espaces int\u00e9rieurs et ext\u00e9rieurs.<\/li>\n<li>L&#8217;ensemble de nos bassins est trait\u00e9 et d\u00e9sinfect\u00e9.<\/li>\n<li>Les sanitaires sont dot\u00e9s de savon et de serviettes en papier jetables. Les distributeurs sont r\u00e9guli\u00e8rement contr\u00f4l\u00e9s par l&#8217;\u00e9quipe d&#8217;entretien. La chasse d&#8217;eau, le si\u00e8ge des toilettes, les lavabos, les robinets et les distributeurs sont d\u00e9sinfect\u00e9s au minimum 4 fois par jour. Il en est de m\u00eame des poign\u00e9es de porte.<\/li>\n<li>Tous les points de contact et les accessoires de glisse utilis\u00e9s dans les bassins trait\u00e9s aux normes sanitaires applicables aux eaux de baignades, sont d\u00e9sinfect\u00e9s en permanence.<\/li>\n<li>Le nettoyage des barres de d\u00e9part des toboggans est renforc\u00e9.<\/li>\n<\/ul>\n<h4>GUIDE PRATIQUE &amp; MESURES MISES EN PLACE<\/h4>\n<p>Si vous ressentez, ou quelqu&#8217;un de votre entourage ressent, des sympt\u00f4mes (toux, fi\u00e8vre, difficult\u00e9 \u00e0 respirer), restez \u00e0 la maison.<\/p>\n<p>Pour vous guider tout au long de votre exp\u00e9rience Aquaboulevard de Paris :<\/p>\n<ul>\n<li>Un filtrage renforc\u00e9 au niveau des acc\u00e8s du parc aquatique : La surveillance de la pr\u00e9sence de sympt\u00f4mes sera renforc\u00e9e avec le cas \u00e9ch\u00e9ant, un portique de d\u00e9tecteurs de temp\u00e9rature.<\/li>\n<li>Un rappel sera fait, par les ma\u00eetres-nageurs et par voie d&#8217;affichage, du respect des r\u00e8gles de distanciation physique dans le bassin.<\/li>\n<\/ul>\n<h4>L&#8217;ACHAT DE VOTRE BILLET EN LIGNE FORTEMENT RECOMMAND\u00c9<\/h4>\n<ul>\n<li>Il est fortement conseill\u00e9 d&#8217;acheter vos billets sur notre site internet aquaboulevard.fr pour vous garantir l&#8217;acc\u00e8s au parc le jour de votre visite.<\/li>\n<li>L&#8217;achat de billets en caisse sera disponible ; toutefois \u00e0 cause d&#8217;une capacit\u00e9 d&#8217;accueil limit\u00e9e, l&#8217;entr\u00e9e au parc pourrait vous \u00eatre refus\u00e9e si le nombre maximum de visiteurs \u00e9tait atteint.<\/li>\n<li>Une limitation du nombre quotidien de visiteurs dans le parc sera faite pour faire respecter la distanciation sociale et vous offrir un confort de visite optimal.<\/li>\n<li>Une r\u00e9gulation du flux de visiteurs \u00e0 l&#8217;entr\u00e9e du parc, aux caisses, dans les vestiaires et aux attractions sera r\u00e9alis\u00e9e afin de permettre le maintien de la distanciation sociale.<\/li>\n<li>Du fait de la capacit\u00e9 limit\u00e9e mise en place pour respecter la distanciation sociale dans le parc, l&#8217;acc\u00e8s au parc n&#8217;est pas garanti en cas de forte affluence.<\/li>\n<\/ul>\n<h4>PROC\u00c9DURE DE LA R\u00c9OUVERTURE<\/h4>\n<h6>AVANT VOTRE ARRIV\u00c9E AU PARC :<\/h6>\n<ul>\n<li>Masque obligatoire \u00e0 l&#8217;accueil, dans les voies de circulation et hors bassins.<\/li>\n<li>Chaque visiteur a l&#8217;obligation morale d&#8217;\u00eatre courtois envers les autres visiteurs et le personnel du parc. Nous vous remercions par avance pour votre respect du parc, de ses installations, des autres visiteurs et de ses employ\u00e9s.<\/li>\n<li>L&#8217;acc\u00e8s et le nombre de casiers seront limit\u00e9s. Ne prenez que les affaires indispensables.<\/li>\n<\/ul>\n<h6>\u00c0 VOTRE ARRIV\u00c9E AU PARC :<\/h6>\n<ul>\n<li>Respectez le marquage au sol et le sens de circulation.<\/li>\n<li>Lavez-vous les mains avec du gel hydroalcoolique avant de rentrer dans le parc.<\/li>\n<li>Suivez les directives de distanciation sociale dans toutes les attractions. Le parc se r\u00e9serve le droit de refuser des visiteurs si les mesures de distanciation ne seraient pas respect\u00e9es.<\/li>\n<li>Votre maillot de bain devra \u00eatre valid\u00e9 par les membres de l&#8217;\u00e9quipe de l&#8217;Aquaboulevard. En cas de maillot de bain non conforme, l&#8217;entr\u00e9e au parc vous sera refus\u00e9e. (cf. <a href=\"https:\/\/aquaboulevard.fr\/es\/las-reglas-de-oro\/\">les r\u00e8gles d&#8217;or<\/a>).<\/li>\n<\/ul>\n<h6>DANS LE PARC :<\/h6>\n<ul>\n<li>Les cabines d&#8217;habillage et de d\u00e9shabillage permettent une entr\u00e9e et une sortie diff\u00e9renci\u00e9e.<\/li>\n<li>Une d\u00e9sinfection des cabines et casiers, apr\u00e8s chaque utilisation, sera faite par le personnel de l&#8217;entretien.<\/li>\n<li>Veuillez respecter en toute situation les instructions du personnel du parc. Les visiteurs qui ne respectent pas ces r\u00e8gles pourront \u00eatre exclus du parc sans remboursement.<\/li>\n<li>La gestion des acc\u00e8s des clients aux tours de toboggans se fera en bas des escaliers. L&#8217;acc\u00e8s aux escaliers se fera par &#8220;entit\u00e9 sociale&#8221;. Le nombre d\u2019entit\u00e9s sociales par tour sera d\u00e9termin\u00e9 en fonction de la longueur de l&#8217;escalier pour conserver la distanciation n\u00e9cessaire.<\/li>\n<li>Transats : 4m2 seront dispos\u00e9s pour chaque transat. Les regroupements pourront \u00eatre autoris\u00e9s pour des entit\u00e9s sociales.<\/li>\n<li>Les pique-niques restent interdits au sein du parc aquatique.<\/li>\n<\/ul>\n<p>&nbsp;<\/p>\n<p><center>Le civisme demeure la mesure la plus efficace pour lutter contre le virus.<br \/>\nIl vous appartient donc de respecter les autres visiteurs et de responsabiliser les personnes qui vous accompagnent durant la visite.<\/center><center>Merci de votre bienveillance.<\/center>[\/vc_column_text][\/vc_column][\/vc_row]<\/p>\n<\/div>","protected":false},"excerpt":{"rendered":"<p>[vc_row][vc_column][vc_column_text] Higiene &amp; Seguridad [\/vc_column_text][\/vc_column][\/vc_row][vc_row][vc_column][vc_tta_tabs shape=&#8221;square&#8221; spacing=&#8221;&#8221; active_section=&#8221;1&#8243; no_fill_content_area=&#8221;true&#8221;][vc_tta_section title=&#8221;Higiene&#8221; tab_id=&#8221;1479118471653-c7e7d0ce-5760&#8243;][vc_single_image image=&#8221;23888&#8243; img_size=&#8221;full&#8221;][vc_empty_space height=&#8221;2.4rem&#8221; alter_height=&#8221;none&#8221; hide_on_mobile=&#8221;&#8221;][vc_column_text] Higiene: Nuestra primera prioridad Est\u00e1 asegurada en todo el parque por nuestros equipos de mantenimiento (parte seca y parte h\u00fameda). M\u00e1s all\u00e1 de las normas de calidad legales obligatorias, el agua de todas nuestras cuencas se repone, se trata y se recicla en tiempo&hellip;<\/p>\n","protected":false},"author":990002,"featured_media":0,"parent":0,"menu_order":0,"comment_status":"closed","ping_status":"closed","template":"","meta":{"footnotes":""},"class_list":["post-24157","page","type-page","status-publish","hentry"],"yoast_head":"<!-- This site is optimized with the Yoast SEO plugin v27.2 - https:\/\/yoast.com\/product\/yoast-seo-wordpress\/ -->\n<title>Piscina y toboganes seguros Higiene y seguridad en el parque Aquaboulevard<\/title>\n<meta name=\"description\" content=\"Una piscina limpia y juegos de agua seguros. Aquaboulevard hace de su seguridad su prioridad y asegura la limpieza de los lugares para que pueda disfrutar de su d\u00eda de relax.\" \/>\n<meta name=\"robots\" content=\"index, follow, max-snippet:-1, max-image-preview:large, max-video-preview:-1\" \/>\n<link rel=\"canonical\" href=\"https:\/\/aquaboulevard.fr\/es\/higiene-seguridad\/\" \/>\n<meta property=\"og:locale\" content=\"es_ES\" \/>\n<meta property=\"og:type\" content=\"article\" \/>\n<meta property=\"og:title\" content=\"Piscina y toboganes seguros Higiene y seguridad en el parque Aquaboulevard\" \/>\n<meta property=\"og:description\" content=\"Una piscina limpia y juegos de agua seguros. Aquaboulevard hace de su seguridad su prioridad y asegura la limpieza de los lugares para que pueda disfrutar de su d\u00eda de relax.\" \/>\n<meta property=\"og:url\" content=\"https:\/\/aquaboulevard.fr\/es\/higiene-seguridad\/\" \/>\n<meta property=\"og:site_name\" content=\"Aquaboulevard de Paris\" \/>\n<meta property=\"article:modified_time\" content=\"2023-07-04T16:19:33+00:00\" \/>\n<meta name=\"twitter:card\" content=\"summary_large_image\" \/>\n<meta name=\"twitter:label1\" content=\"Est. reading time\" \/>\n\t<meta name=\"twitter:data1\" content=\"6 minutes\" \/>\n<script type=\"application\/ld+json\" class=\"yoast-schema-graph\">{\"@context\":\"https:\/\/schema.org\",\"@graph\":[{\"@type\":\"WebPage\",\"@id\":\"https:\/\/aquaboulevard.fr\/es\/higiene-seguridad\/\",\"url\":\"https:\/\/aquaboulevard.fr\/es\/higiene-seguridad\/\",\"name\":\"Piscina y toboganes seguros Higiene y seguridad en el parque Aquaboulevard\",\"isPartOf\":{\"@id\":\"https:\/\/aquaboulevard.fr\/#website\"},\"datePublished\":\"2021-07-22T15:09:07+00:00\",\"dateModified\":\"2023-07-04T16:19:33+00:00\",\"description\":\"Una piscina limpia y juegos de agua seguros. Aquaboulevard hace de su seguridad su prioridad y asegura la limpieza de los lugares para que pueda disfrutar de su d\u00eda de relax.\",\"breadcrumb\":{\"@id\":\"https:\/\/aquaboulevard.fr\/es\/higiene-seguridad\/#breadcrumb\"},\"inLanguage\":\"es-ES\",\"potentialAction\":[{\"@type\":\"ReadAction\",\"target\":[\"https:\/\/aquaboulevard.fr\/es\/higiene-seguridad\/\"]}]},{\"@type\":\"BreadcrumbList\",\"@id\":\"https:\/\/aquaboulevard.fr\/es\/higiene-seguridad\/#breadcrumb\",\"itemListElement\":[{\"@type\":\"ListItem\",\"position\":1,\"name\":\"Accueil\",\"item\":\"https:\/\/aquaboulevard.fr\/es\/inicio\/\"},{\"@type\":\"ListItem\",\"position\":2,\"name\":\"Higiene &amp; Seguridad\"}]},{\"@type\":\"WebSite\",\"@id\":\"https:\/\/aquaboulevard.fr\/#website\",\"url\":\"https:\/\/aquaboulevard.fr\/\",\"name\":\"Aquaboulevard de Paris\",\"description\":\"Parc aquatique urbain\",\"potentialAction\":[{\"@type\":\"SearchAction\",\"target\":{\"@type\":\"EntryPoint\",\"urlTemplate\":\"https:\/\/aquaboulevard.fr\/?s={search_term_string}\"},\"query-input\":{\"@type\":\"PropertyValueSpecification\",\"valueRequired\":true,\"valueName\":\"search_term_string\"}}],\"inLanguage\":\"es-ES\"}]}<\/script>\n<!-- \/ Yoast SEO plugin. -->","yoast_head_json":{"title":"Piscina y toboganes seguros Higiene y seguridad en el parque Aquaboulevard","description":"Una piscina limpia y juegos de agua seguros. Aquaboulevard hace de su seguridad su prioridad y asegura la limpieza de los lugares para que pueda disfrutar de su d\u00eda de relax.","robots":{"index":"index","follow":"follow","max-snippet":"max-snippet:-1","max-image-preview":"max-image-preview:large","max-video-preview":"max-video-preview:-1"},"canonical":"https:\/\/aquaboulevard.fr\/es\/higiene-seguridad\/","og_locale":"es_ES","og_type":"article","og_title":"Piscina y toboganes seguros Higiene y seguridad en el parque Aquaboulevard","og_description":"Una piscina limpia y juegos de agua seguros. Aquaboulevard hace de su seguridad su prioridad y asegura la limpieza de los lugares para que pueda disfrutar de su d\u00eda de relax.","og_url":"https:\/\/aquaboulevard.fr\/es\/higiene-seguridad\/","og_site_name":"Aquaboulevard de Paris","article_modified_time":"2023-07-04T16:19:33+00:00","twitter_card":"summary_large_image","twitter_misc":{"Est. reading time":"6 minutes"},"schema":{"@context":"https:\/\/schema.org","@graph":[{"@type":"WebPage","@id":"https:\/\/aquaboulevard.fr\/es\/higiene-seguridad\/","url":"https:\/\/aquaboulevard.fr\/es\/higiene-seguridad\/","name":"Piscina y toboganes seguros Higiene y seguridad en el parque Aquaboulevard","isPartOf":{"@id":"https:\/\/aquaboulevard.fr\/#website"},"datePublished":"2021-07-22T15:09:07+00:00","dateModified":"2023-07-04T16:19:33+00:00","description":"Una piscina limpia y juegos de agua seguros. Aquaboulevard hace de su seguridad su prioridad y asegura la limpieza de los lugares para que pueda disfrutar de su d\u00eda de relax.","breadcrumb":{"@id":"https:\/\/aquaboulevard.fr\/es\/higiene-seguridad\/#breadcrumb"},"inLanguage":"es-ES","potentialAction":[{"@type":"ReadAction","target":["https:\/\/aquaboulevard.fr\/es\/higiene-seguridad\/"]}]},{"@type":"BreadcrumbList","@id":"https:\/\/aquaboulevard.fr\/es\/higiene-seguridad\/#breadcrumb","itemListElement":[{"@type":"ListItem","position":1,"name":"Accueil","item":"https:\/\/aquaboulevard.fr\/es\/inicio\/"},{"@type":"ListItem","position":2,"name":"Higiene &amp; Seguridad"}]},{"@type":"WebSite","@id":"https:\/\/aquaboulevard.fr\/#website","url":"https:\/\/aquaboulevard.fr\/","name":"Aquaboulevard de Paris","description":"Parc aquatique urbain","potentialAction":[{"@type":"SearchAction","target":{"@type":"EntryPoint","urlTemplate":"https:\/\/aquaboulevard.fr\/?s={search_term_string}"},"query-input":{"@type":"PropertyValueSpecification","valueRequired":true,"valueName":"search_term_string"}}],"inLanguage":"es-ES"}]}},"_links":{"self":[{"href":"https:\/\/aquaboulevard.fr\/es\/wp-json\/wp\/v2\/pages\/24157","targetHints":{"allow":["GET"]}}],"collection":[{"href":"https:\/\/aquaboulevard.fr\/es\/wp-json\/wp\/v2\/pages"}],"about":[{"href":"https:\/\/aquaboulevard.fr\/es\/wp-json\/wp\/v2\/types\/page"}],"author":[{"embeddable":true,"href":"https:\/\/aquaboulevard.fr\/es\/wp-json\/wp\/v2\/users\/990002"}],"replies":[{"embeddable":true,"href":"https:\/\/aquaboulevard.fr\/es\/wp-json\/wp\/v2\/comments?post=24157"}],"version-history":[{"count":3,"href":"https:\/\/aquaboulevard.fr\/es\/wp-json\/wp\/v2\/pages\/24157\/revisions"}],"predecessor-version":[{"id":24334,"href":"https:\/\/aquaboulevard.fr\/es\/wp-json\/wp\/v2\/pages\/24157\/revisions\/24334"}],"wp:attachment":[{"href":"https:\/\/aquaboulevard.fr\/es\/wp-json\/wp\/v2\/media?parent=24157"}],"curies":[{"name":"wp","href":"https:\/\/api.w.org\/{rel}","templated":true}]}}