{"id":24151,"date":"2021-07-19T18:23:38","date_gmt":"2021-07-19T16:23:38","guid":{"rendered":"https:\/\/aquaboulevard.fr\/cookies\/"},"modified":"2023-07-02T15:39:07","modified_gmt":"2023-07-02T13:39:07","slug":"cookies","status":"publish","type":"page","link":"https:\/\/aquaboulevard.fr\/es\/cookies\/","title":{"rendered":"Cookies"},"content":{"rendered":"<div class=\"wpb-content-wrapper\"><p>[vc_row hide_bg_image_on_tablet=&#8221;&#8221; hide_bg_image_on_mobile=&#8221;&#8221; css=&#8221;.vc_custom_1527690611459{background-color: #f7f8f9 !important;}&#8221;][vc_column icons_position=&#8221;left&#8221;]<div id=\"sc_content_259982689\"\n\t\tclass=\"sc_content color_style_default sc_content_default sc_float_center p70\"><div class=\"sc_content_container\">[vc_column_text]<\/p>\n<h5>1. ACERCA DE ESTA POL\u00cdTICA DE COOKIES<\/h5>\n<p>Esta pol\u00edtica de cookies explica qu\u00e9 son las cookies y c\u00f3mo las utilizamos, los tipos de cookies que utilizamos, es decir, la informaci\u00f3n que recopilamos utilizando cookies y c\u00f3mo se utiliza esta informaci\u00f3n, y c\u00f3mo controlar las preferencias de cookies.<br \/>\nPara m\u00e1s informaci\u00f3n sobre c\u00f3mo utilizamos, almacenamos y mantenemos seguros sus datos personales, consulte nuestra pol\u00edtica de privacidad. Puede cambiar o retirar su consentimiento a la declaraci\u00f3n de cookies en nuestro sitio web en cualquier momento.<\/p>\n<p>M\u00e1s informaci\u00f3n sobre qui\u00e9nes somos, c\u00f3mo puede ponerse en contacto con nosotros y c\u00f3mo tratamos los datos personales en nuestra pol\u00edtica de privacidad.<br \/>\nSu consentimiento se aplica a los siguientes \u00e1mbitos: www.aquaboulevard.fr<\/p>\n<p>[user_consent_state][\/vc_column_text]<\/div><\/div><!-- \/.sc_content -->[vc_empty_space height=&#8221;4em&#8221; alter_height=&#8221;none&#8221; hide_on_mobile=&#8221;&#8221; hide_on_desktop=&#8221;&#8221; hide_on_notebook=&#8221;&#8221; hide_on_tablet=&#8221;&#8221;][\/vc_column][\/vc_row][vc_row hide_bg_image_on_tablet=&#8221;&#8221; hide_bg_image_on_mobile=&#8221;&#8221; css=&#8221;.vc_custom_1527690611459{background-color: #f7f8f9 !important;}&#8221;][vc_column icons_position=&#8221;left&#8221;]<div id=\"sc_content_1156948134\"\n\t\tclass=\"sc_content color_style_default sc_content_default sc_float_center p70\"><div class=\"sc_content_container\">[vc_column_text]<\/p>\n<h5>2. \u00bfQU\u00c9 SON LAS COOKIES?<\/h5>\n<p>Las cookies son peque\u00f1os archivos de texto que se utilizan para almacenar peque\u00f1as piezas de informaci\u00f3n. Se almacenan en su dispositivo cuando el sitio web se carga en su navegador. Estas cookies nos ayudan a que el sitio web funcione correctamente, a que sea m\u00e1s seguro, a proporcionar una mejor experiencia al usuario, a entender c\u00f3mo funciona el sitio web y a analizar qu\u00e9 funciona y qu\u00e9 debe mejorarse.[\/vc_column_text]<\/div><\/div><!-- \/.sc_content -->[vc_empty_space height=&#8221;4em&#8221; alter_height=&#8221;none&#8221; hide_on_mobile=&#8221;&#8221; hide_on_desktop=&#8221;&#8221; hide_on_notebook=&#8221;&#8221; hide_on_tablet=&#8221;&#8221;][\/vc_column][\/vc_row][vc_row hide_bg_image_on_tablet=&#8221;&#8221; hide_bg_image_on_mobile=&#8221;&#8221; css=&#8221;.vc_custom_1527690611459{background-color: #f7f8f9 !important;}&#8221;][vc_column icons_position=&#8221;left&#8221;]<div id=\"sc_content_1294344295\"\n\t\tclass=\"sc_content color_style_default sc_content_default sc_float_center p70\"><div class=\"sc_content_container\">[vc_column_text]<\/p>\n<h5>3. \u00bfC\u00d3MO UTILIZAMOS LAS COOKIES?<\/h5>\n<p>Como la mayor\u00eda de los servicios en l\u00ednea, nuestro sitio web utiliza cookies propias y de terceros para diversos fines. Las cookies de origen son principalmente necesarias para que el sitio web funcione correctamente y no recogen ning\u00fan dato personal que pueda identificarle. Las cookies de terceros utilizadas en nuestro sitio web se utilizan principalmente para comprender c\u00f3mo funciona el sitio web, c\u00f3mo interact\u00faa usted con nuestro sitio web, para garantizar la seguridad de nuestros servicios, para ofrecer publicidad relevante para usted y, en general, para ofrecerle una experiencia de usuario mejor y m\u00e1s completa. y ayudar a agilizar sus futuras interacciones con nuestro sitio web.[\/vc_column_text]<\/div><\/div><!-- \/.sc_content -->[vc_empty_space height=&#8221;4em&#8221; alter_height=&#8221;none&#8221; hide_on_mobile=&#8221;&#8221; hide_on_desktop=&#8221;&#8221; hide_on_notebook=&#8221;&#8221; hide_on_tablet=&#8221;&#8221;][\/vc_column][\/vc_row][vc_row hide_bg_image_on_tablet=&#8221;&#8221; hide_bg_image_on_mobile=&#8221;&#8221; css=&#8221;.vc_custom_1527690611459{background-color: #f7f8f9 !important;}&#8221;][vc_column icons_position=&#8221;left&#8221;]<div id=\"sc_content_567760542\"\n\t\tclass=\"sc_content color_style_default sc_content_default sc_float_center p70\"><div class=\"sc_content_container\">[vc_column_text]<\/p>\n<h5>4. \u00bfQU\u00c9 TIPOS DE COOKIES UTILIZAMOS?<\/h5>\n<ul>\n<li><strong>Esenciales<\/strong>: algunas cookies son esenciales para que usted pueda aprovechar todas las funciones de nuestro sitio. Nos permiten mantener las sesiones de los usuarios y prevenir cualquier amenaza a la seguridad. No recogen ni almacenan ninguna informaci\u00f3n personal. Por ejemplo, estas cookies le permiten iniciar sesi\u00f3n en su cuenta, a\u00f1adir productos a su cesta y hacer pedidos con total seguridad.<\/li>\n<li><strong>Estad\u00edsticas<\/strong>: Estas cookies almacenan informaci\u00f3n como el n\u00famero de visitantes del sitio web, el n\u00famero de visitantes \u00fanicos, las p\u00e1ginas del sitio web visitadas, el origen de la visita, etc. Estos datos nos ayudan a comprender y analizar el rendimiento del sitio web. y d\u00f3nde debe mejorarse.<\/li>\n<li><strong>Marketing<\/strong>: Nuestro sitio web muestra anuncios. Estas cookies se utilizan para personalizar los anuncios que le mostramos para que sean significativos para usted. Estas cookies tambi\u00e9n nos ayudan a controlar la eficacia de estas campa\u00f1as publicitarias. La informaci\u00f3n almacenada en estas cookies tambi\u00e9n puede ser utilizada por terceros proveedores de publicidad para mostrarle anuncios de otros sitios web en su navegador.<\/li>\n<li><strong>Funcionales<\/strong>: Son cookies que ayudan con ciertas funciones no esenciales de nuestro sitio web. Estas funciones incluyen la integraci\u00f3n de contenidos como v\u00eddeos o la posibilidad de compartir contenidos del sitio web en plataformas de redes sociales.<\/li>\n<li><strong>Preferencias<\/strong>: estas cookies nos ayudan a almacenar su configuraci\u00f3n y preferencias de navegaci\u00f3n, como las preferencias de idioma, para que tenga una experiencia mejor y m\u00e1s eficiente en futuras visitas al sitio web.<\/li>\n<\/ul>\n<p>[cookie_audit columns=&#8221;cookie,description&#8221; heading=&#8221;La liste ci-dessous d\u00e9taille les cookies utilis\u00e9s sur notre site Web.&#8221;][\/vc_column_text]<\/div><\/div><!-- \/.sc_content -->[vc_empty_space height=&#8221;4em&#8221; alter_height=&#8221;none&#8221; hide_on_mobile=&#8221;&#8221; hide_on_desktop=&#8221;&#8221; hide_on_notebook=&#8221;&#8221; hide_on_tablet=&#8221;&#8221;][\/vc_column][\/vc_row][vc_row hide_bg_image_on_tablet=&#8221;&#8221; hide_bg_image_on_mobile=&#8221;&#8221; css=&#8221;.vc_custom_1527690611459{background-color: #f7f8f9 !important;}&#8221;][vc_column icons_position=&#8221;left&#8221;]<div id=\"sc_content_1228916184\"\n\t\tclass=\"sc_content color_style_default sc_content_default sc_float_center p70\"><div class=\"sc_content_container\">[vc_column_text]<\/p>\n<h5>5. \u00bfC\u00d3MO PUEDO CONTROLAR MIS PREFERENCIAS DE COOKIES?<\/h5>\n<p>Si decide cambiar sus preferencias m\u00e1s adelante durante su sesi\u00f3n de navegaci\u00f3n, puede hacer clic en la pesta\u00f1a &#8220;Pol\u00edtica de confidencialidad y cookies&#8221; de su pantalla. Esto volver\u00e1 a mostrar el aviso de consentimiento que le permite cambiar sus preferencias o retirar su consentimiento por completo.<br \/>\nAdem\u00e1s, los distintos navegadores ofrecen diferentes m\u00e9todos para bloquear y eliminar las cookies utilizadas por los sitios web.<br \/>\nPuede cambiar la configuraci\u00f3n de su navegador para bloquear\/eliminar las cookies.<\/p>\n<p>Para obtener m\u00e1s informaci\u00f3n sobre la gesti\u00f3n y eliminaci\u00f3n de cookies, visite wikipedia.org, <a href=\"http:\/\/www.allaboutcookies.org\">www.allaboutcookies.org<\/a>.[\/vc_column_text]<\/div><\/div><!-- \/.sc_content -->[vc_empty_space height=&#8221;4em&#8221; alter_height=&#8221;none&#8221; hide_on_mobile=&#8221;&#8221; hide_on_desktop=&#8221;&#8221; hide_on_notebook=&#8221;&#8221; hide_on_tablet=&#8221;&#8221;][\/vc_column][\/vc_row][vc_row][vc_column icons_position=&#8221;left&#8221;][vc_empty_space height=&#8221;4em&#8221; alter_height=&#8221;none&#8221; hide_on_mobile=&#8221;&#8221; hide_on_desktop=&#8221;&#8221; hide_on_notebook=&#8221;&#8221; hide_on_tablet=&#8221;&#8221;][\/vc_column][\/vc_row]<\/p>\n<\/div>","protected":false},"excerpt":{"rendered":"<p>[vc_row hide_bg_image_on_tablet=&#8221;&#8221; hide_bg_image_on_mobile=&#8221;&#8221; css=&#8221;.vc_custom_1527690611459{background-color: #f7f8f9 !important;}&#8221;][vc_column icons_position=&#8221;left&#8221;][vc_empty_space height=&#8221;4em&#8221; alter_height=&#8221;none&#8221; hide_on_mobile=&#8221;&#8221; hide_on_desktop=&#8221;&#8221; hide_on_notebook=&#8221;&#8221; hide_on_tablet=&#8221;&#8221;][\/vc_column][\/vc_row][vc_row hide_bg_image_on_tablet=&#8221;&#8221; hide_bg_image_on_mobile=&#8221;&#8221; css=&#8221;.vc_custom_1527690611459{background-color: #f7f8f9 !important;}&#8221;][vc_column icons_position=&#8221;left&#8221;][vc_empty_space height=&#8221;4em&#8221; alter_height=&#8221;none&#8221; hide_on_mobile=&#8221;&#8221; hide_on_desktop=&#8221;&#8221; hide_on_notebook=&#8221;&#8221; hide_on_tablet=&#8221;&#8221;][\/vc_column][\/vc_row][vc_row hide_bg_image_on_tablet=&#8221;&#8221; hide_bg_image_on_mobile=&#8221;&#8221; css=&#8221;.vc_custom_1527690611459{background-color: #f7f8f9 !important;}&#8221;][vc_column icons_position=&#8221;left&#8221;][vc_empty_space height=&#8221;4em&#8221; alter_height=&#8221;none&#8221; hide_on_mobile=&#8221;&#8221; hide_on_desktop=&#8221;&#8221; hide_on_notebook=&#8221;&#8221; hide_on_tablet=&#8221;&#8221;][\/vc_column][\/vc_row][vc_row hide_bg_image_on_tablet=&#8221;&#8221; hide_bg_image_on_mobile=&#8221;&#8221; css=&#8221;.vc_custom_1527690611459{background-color: #f7f8f9 !important;}&#8221;][vc_column icons_position=&#8221;left&#8221;][vc_empty_space height=&#8221;4em&#8221; alter_height=&#8221;none&#8221; hide_on_mobile=&#8221;&#8221; hide_on_desktop=&#8221;&#8221; hide_on_notebook=&#8221;&#8221; hide_on_tablet=&#8221;&#8221;][\/vc_column][\/vc_row][vc_row hide_bg_image_on_tablet=&#8221;&#8221; hide_bg_image_on_mobile=&#8221;&#8221; css=&#8221;.vc_custom_1527690611459{background-color: #f7f8f9 !important;}&#8221;][vc_column icons_position=&#8221;left&#8221;][vc_empty_space height=&#8221;4em&#8221; alter_height=&#8221;none&#8221; hide_on_mobile=&#8221;&#8221; hide_on_desktop=&#8221;&#8221; hide_on_notebook=&#8221;&#8221;&hellip;<\/p>\n","protected":false},"author":990002,"featured_media":0,"parent":0,"menu_order":0,"comment_status":"closed","ping_status":"closed","template":"","meta":{"footnotes":""},"class_list":["post-24151","page","type-page","status-publish","hentry"],"yoast_head":"<!-- This site is optimized with the Yoast SEO plugin v27.2 - https:\/\/yoast.com\/product\/yoast-seo-wordpress\/ -->\n<title>Informaci\u00f3n cookies | Centre d&#039;attraction aquatique de l&#039;Aquaboulevard<\/title>\n<meta name=\"description\" content=\"Informaci\u00f3n sobre cookies en el centro acu\u00e1tico Aquaboulevard.\" \/>\n<meta name=\"robots\" content=\"index, follow, max-snippet:-1, max-image-preview:large, max-video-preview:-1\" \/>\n<link rel=\"canonical\" href=\"https:\/\/aquaboulevard.fr\/es\/cookies\/\" \/>\n<meta property=\"og:locale\" content=\"es_ES\" \/>\n<meta property=\"og:type\" content=\"article\" \/>\n<meta property=\"og:title\" content=\"Informaci\u00f3n cookies | Centre d&#039;attraction aquatique de l&#039;Aquaboulevard\" \/>\n<meta property=\"og:description\" content=\"Informaci\u00f3n sobre cookies en el centro acu\u00e1tico Aquaboulevard.\" \/>\n<meta property=\"og:url\" content=\"https:\/\/aquaboulevard.fr\/es\/cookies\/\" \/>\n<meta property=\"og:site_name\" content=\"Aquaboulevard de Paris\" \/>\n<meta property=\"article:modified_time\" content=\"2023-07-02T13:39:07+00:00\" \/>\n<meta name=\"twitter:card\" content=\"summary_large_image\" \/>\n<meta name=\"twitter:label1\" content=\"Est. reading time\" \/>\n\t<meta name=\"twitter:data1\" content=\"6 minutes\" \/>\n<script type=\"application\/ld+json\" class=\"yoast-schema-graph\">{\"@context\":\"https:\/\/schema.org\",\"@graph\":[{\"@type\":\"WebPage\",\"@id\":\"https:\/\/aquaboulevard.fr\/es\/cookies\/\",\"url\":\"https:\/\/aquaboulevard.fr\/es\/cookies\/\",\"name\":\"Informaci\u00f3n cookies | Centre d'attraction aquatique de l'Aquaboulevard\",\"isPartOf\":{\"@id\":\"https:\/\/aquaboulevard.fr\/#website\"},\"datePublished\":\"2021-07-19T16:23:38+00:00\",\"dateModified\":\"2023-07-02T13:39:07+00:00\",\"description\":\"Informaci\u00f3n sobre cookies en el centro acu\u00e1tico Aquaboulevard.\",\"breadcrumb\":{\"@id\":\"https:\/\/aquaboulevard.fr\/es\/cookies\/#breadcrumb\"},\"inLanguage\":\"es-ES\",\"potentialAction\":[{\"@type\":\"ReadAction\",\"target\":[\"https:\/\/aquaboulevard.fr\/es\/cookies\/\"]}]},{\"@type\":\"BreadcrumbList\",\"@id\":\"https:\/\/aquaboulevard.fr\/es\/cookies\/#breadcrumb\",\"itemListElement\":[{\"@type\":\"ListItem\",\"position\":1,\"name\":\"Accueil\",\"item\":\"https:\/\/aquaboulevard.fr\/es\/inicio\/\"},{\"@type\":\"ListItem\",\"position\":2,\"name\":\"Cookies\"}]},{\"@type\":\"WebSite\",\"@id\":\"https:\/\/aquaboulevard.fr\/#website\",\"url\":\"https:\/\/aquaboulevard.fr\/\",\"name\":\"Aquaboulevard de Paris\",\"description\":\"Parc aquatique urbain\",\"potentialAction\":[{\"@type\":\"SearchAction\",\"target\":{\"@type\":\"EntryPoint\",\"urlTemplate\":\"https:\/\/aquaboulevard.fr\/?s={search_term_string}\"},\"query-input\":{\"@type\":\"PropertyValueSpecification\",\"valueRequired\":true,\"valueName\":\"search_term_string\"}}],\"inLanguage\":\"es-ES\"}]}<\/script>\n<!-- \/ Yoast SEO plugin. -->","yoast_head_json":{"title":"Informaci\u00f3n cookies | Centre d'attraction aquatique de l'Aquaboulevard","description":"Informaci\u00f3n sobre cookies en el centro acu\u00e1tico Aquaboulevard.","robots":{"index":"index","follow":"follow","max-snippet":"max-snippet:-1","max-image-preview":"max-image-preview:large","max-video-preview":"max-video-preview:-1"},"canonical":"https:\/\/aquaboulevard.fr\/es\/cookies\/","og_locale":"es_ES","og_type":"article","og_title":"Informaci\u00f3n cookies | Centre d'attraction aquatique de l'Aquaboulevard","og_description":"Informaci\u00f3n sobre cookies en el centro acu\u00e1tico Aquaboulevard.","og_url":"https:\/\/aquaboulevard.fr\/es\/cookies\/","og_site_name":"Aquaboulevard de Paris","article_modified_time":"2023-07-02T13:39:07+00:00","twitter_card":"summary_large_image","twitter_misc":{"Est. reading time":"6 minutes"},"schema":{"@context":"https:\/\/schema.org","@graph":[{"@type":"WebPage","@id":"https:\/\/aquaboulevard.fr\/es\/cookies\/","url":"https:\/\/aquaboulevard.fr\/es\/cookies\/","name":"Informaci\u00f3n cookies | Centre d'attraction aquatique de l'Aquaboulevard","isPartOf":{"@id":"https:\/\/aquaboulevard.fr\/#website"},"datePublished":"2021-07-19T16:23:38+00:00","dateModified":"2023-07-02T13:39:07+00:00","description":"Informaci\u00f3n sobre cookies en el centro acu\u00e1tico Aquaboulevard.","breadcrumb":{"@id":"https:\/\/aquaboulevard.fr\/es\/cookies\/#breadcrumb"},"inLanguage":"es-ES","potentialAction":[{"@type":"ReadAction","target":["https:\/\/aquaboulevard.fr\/es\/cookies\/"]}]},{"@type":"BreadcrumbList","@id":"https:\/\/aquaboulevard.fr\/es\/cookies\/#breadcrumb","itemListElement":[{"@type":"ListItem","position":1,"name":"Accueil","item":"https:\/\/aquaboulevard.fr\/es\/inicio\/"},{"@type":"ListItem","position":2,"name":"Cookies"}]},{"@type":"WebSite","@id":"https:\/\/aquaboulevard.fr\/#website","url":"https:\/\/aquaboulevard.fr\/","name":"Aquaboulevard de Paris","description":"Parc aquatique urbain","potentialAction":[{"@type":"SearchAction","target":{"@type":"EntryPoint","urlTemplate":"https:\/\/aquaboulevard.fr\/?s={search_term_string}"},"query-input":{"@type":"PropertyValueSpecification","valueRequired":true,"valueName":"search_term_string"}}],"inLanguage":"es-ES"}]}},"_links":{"self":[{"href":"https:\/\/aquaboulevard.fr\/es\/wp-json\/wp\/v2\/pages\/24151","targetHints":{"allow":["GET"]}}],"collection":[{"href":"https:\/\/aquaboulevard.fr\/es\/wp-json\/wp\/v2\/pages"}],"about":[{"href":"https:\/\/aquaboulevard.fr\/es\/wp-json\/wp\/v2\/types\/page"}],"author":[{"embeddable":true,"href":"https:\/\/aquaboulevard.fr\/es\/wp-json\/wp\/v2\/users\/990002"}],"replies":[{"embeddable":true,"href":"https:\/\/aquaboulevard.fr\/es\/wp-json\/wp\/v2\/comments?post=24151"}],"version-history":[{"count":3,"href":"https:\/\/aquaboulevard.fr\/es\/wp-json\/wp\/v2\/pages\/24151\/revisions"}],"predecessor-version":[{"id":24154,"href":"https:\/\/aquaboulevard.fr\/es\/wp-json\/wp\/v2\/pages\/24151\/revisions\/24154"}],"wp:attachment":[{"href":"https:\/\/aquaboulevard.fr\/es\/wp-json\/wp\/v2\/media?parent=24151"}],"curies":[{"name":"wp","href":"https:\/\/api.w.org\/{rel}","templated":true}]}}