{"id":24096,"date":"2021-07-19T19:42:43","date_gmt":"2021-07-19T17:42:43","guid":{"rendered":"https:\/\/aquaboulevard.fr\/informacion-legal\/"},"modified":"2023-07-02T14:41:17","modified_gmt":"2023-07-02T12:41:17","slug":"informacion-legal","status":"publish","type":"page","link":"https:\/\/aquaboulevard.fr\/es\/informacion-legal\/","title":{"rendered":"Informaci\u00f3n legal"},"content":{"rendered":"<div class=\"wpb-content-wrapper\"><p>[vc_row hide_bg_image_on_tablet=&#8221;&#8221; hide_bg_image_on_mobile=&#8221;&#8221; css=&#8221;.vc_custom_1527690588959{background-color: #f7f8f9 !important;}&#8221;][vc_column icons_position=&#8221;left&#8221;]<div id=\"sc_content_506962526\"\n\t\tclass=\"sc_content color_style_default sc_content_default sc_float_center p70\"><div class=\"sc_content_container\">[vc_column_text]<\/p>\n<h5>1. EDITOR DEL SITIO WEB<\/h5>\n<p><span style=\"font-weight: 400;\">Aquaboulevard de Paris<br \/>\nSociedad an\u00f3nima con capital social de 7.489.080 euros<br \/>\nDomicilio social: 4-6 rue Louis Armand 75015 Par\u00eds<br \/>\nRCS Par\u00eds 340 311 620<br \/>\nIVA intracomunitario: FR xxxxxxxx<br \/>\n<\/span>Tel. Tel\u00e9fono : +33 (0)1 40 60 10 00<span style=\"font-weight: 400;\"><br \/>\nCorreo electr\u00f3nico : <a href=\"mailto:contact@aquaboulevard.com\">contact@aquaboulevard.com<\/a><\/span><\/p>\n<p>Director de publicaci\u00f3n: Michel CORBIERE[\/vc_column_text]<\/div><\/div><!-- \/.sc_content -->[vc_empty_space height=&#8221;4em&#8221; alter_height=&#8221;none&#8221; hide_on_mobile=&#8221;&#8221; hide_on_desktop=&#8221;&#8221; hide_on_notebook=&#8221;&#8221; hide_on_tablet=&#8221;&#8221;][\/vc_column][\/vc_row][vc_row hide_bg_image_on_tablet=&#8221;&#8221; hide_bg_image_on_mobile=&#8221;&#8221; css=&#8221;.vc_custom_1527690597112{background-color: #f7f8f9 !important;}&#8221;][vc_column icons_position=&#8221;left&#8221;]<div id=\"sc_content_422554289\"\n\t\tclass=\"sc_content color_style_default sc_content_default sc_float_center p70\"><div class=\"sc_content_container\">[vc_column_text]<\/p>\n<h5>2. ANFITRI\u00d3N DEL SITIO<\/h5>\n<h6><span style=\"font-weight: 400;\">OVH<\/span><\/h6>\n<p>SAS con un capital social de 10.069.020 euros<br \/>\nRCS Lille M\u00e9tropole 424 761 419 00045<br \/>\nC\u00f3digo APE: 2620Z<br \/>\nN\u00daMERO DE IVA: FR 22 424 761 419<br \/>\nDomicilio social: 2 rue Kellermann &#8211; 59100 Roubaix &#8211; Francia<br \/>\nTel. : 10 07<br \/>\nP\u00e1gina web: https:\/\/www.ovh.com\/fr[\/vc_column_text]<\/div><\/div><!-- \/.sc_content -->[vc_empty_space height=&#8221;4em&#8221; alter_height=&#8221;none&#8221; hide_on_mobile=&#8221;&#8221; hide_on_desktop=&#8221;&#8221; hide_on_notebook=&#8221;&#8221; hide_on_tablet=&#8221;&#8221;][\/vc_column][\/vc_row][vc_row][vc_column icons_position=&#8221;left&#8221;][vc_empty_space height=&#8221;70px&#8221; alter_height=&#8221;none&#8221; hide_on_mobile=&#8221;&#8221; hide_on_desktop=&#8221;&#8221; hide_on_notebook=&#8221;&#8221; hide_on_tablet=&#8221;&#8221;][\/vc_column][\/vc_row]<\/p>\n<\/div>","protected":false},"excerpt":{"rendered":"<p>[vc_row hide_bg_image_on_tablet=&#8221;&#8221; hide_bg_image_on_mobile=&#8221;&#8221; css=&#8221;.vc_custom_1527690588959{background-color: #f7f8f9 !important;}&#8221;][vc_column icons_position=&#8221;left&#8221;][vc_empty_space height=&#8221;4em&#8221; alter_height=&#8221;none&#8221; hide_on_mobile=&#8221;&#8221; hide_on_desktop=&#8221;&#8221; hide_on_notebook=&#8221;&#8221; hide_on_tablet=&#8221;&#8221;][\/vc_column][\/vc_row][vc_row hide_bg_image_on_tablet=&#8221;&#8221; hide_bg_image_on_mobile=&#8221;&#8221; css=&#8221;.vc_custom_1527690597112{background-color: #f7f8f9 !important;}&#8221;][vc_column icons_position=&#8221;left&#8221;][vc_empty_space height=&#8221;4em&#8221; alter_height=&#8221;none&#8221; hide_on_mobile=&#8221;&#8221; hide_on_desktop=&#8221;&#8221; hide_on_notebook=&#8221;&#8221; hide_on_tablet=&#8221;&#8221;][\/vc_column][\/vc_row][vc_row][vc_column icons_position=&#8221;left&#8221;][vc_empty_space height=&#8221;70px&#8221; alter_height=&#8221;none&#8221; hide_on_mobile=&#8221;&#8221; hide_on_desktop=&#8221;&#8221; hide_on_notebook=&#8221;&#8221; hide_on_tablet=&#8221;&#8221;][\/vc_column][\/vc_row]<\/p>\n","protected":false},"author":990002,"featured_media":0,"parent":0,"menu_order":0,"comment_status":"closed","ping_status":"closed","template":"","meta":{"footnotes":""},"class_list":["post-24096","page","type-page","status-publish","hentry"],"yoast_head":"<!-- This site is optimized with the Yoast SEO plugin v27.2 - https:\/\/yoast.com\/product\/yoast-seo-wordpress\/ -->\n<title>Informaci\u00f3n legal | Centro de atracciones acu\u00e1ticas Aquaboulevard<\/title>\n<meta name=\"description\" content=\"Normas e informaci\u00f3n sobre el parque acu\u00e1tico Aquaboulevard.\" \/>\n<meta name=\"robots\" content=\"index, follow, max-snippet:-1, max-image-preview:large, max-video-preview:-1\" \/>\n<link rel=\"canonical\" href=\"https:\/\/aquaboulevard.fr\/es\/informacion-legal\/\" \/>\n<meta property=\"og:locale\" content=\"es_ES\" \/>\n<meta property=\"og:type\" content=\"article\" \/>\n<meta property=\"og:title\" content=\"Informaci\u00f3n legal | Centro de atracciones acu\u00e1ticas Aquaboulevard\" \/>\n<meta property=\"og:description\" content=\"Normas e informaci\u00f3n sobre el parque acu\u00e1tico Aquaboulevard.\" \/>\n<meta property=\"og:url\" content=\"https:\/\/aquaboulevard.fr\/es\/informacion-legal\/\" \/>\n<meta property=\"og:site_name\" content=\"Aquaboulevard de Paris\" \/>\n<meta property=\"article:modified_time\" content=\"2023-07-02T12:41:17+00:00\" \/>\n<meta name=\"twitter:card\" content=\"summary_large_image\" \/>\n<meta name=\"twitter:label1\" content=\"Est. reading time\" \/>\n\t<meta name=\"twitter:data1\" content=\"1 minute\" \/>\n<script type=\"application\/ld+json\" class=\"yoast-schema-graph\">{\"@context\":\"https:\/\/schema.org\",\"@graph\":[{\"@type\":\"WebPage\",\"@id\":\"https:\/\/aquaboulevard.fr\/es\/informacion-legal\/\",\"url\":\"https:\/\/aquaboulevard.fr\/es\/informacion-legal\/\",\"name\":\"Informaci\u00f3n legal | Centro de atracciones acu\u00e1ticas Aquaboulevard\",\"isPartOf\":{\"@id\":\"https:\/\/aquaboulevard.fr\/#website\"},\"datePublished\":\"2021-07-19T17:42:43+00:00\",\"dateModified\":\"2023-07-02T12:41:17+00:00\",\"description\":\"Normas e informaci\u00f3n sobre el parque acu\u00e1tico Aquaboulevard.\",\"breadcrumb\":{\"@id\":\"https:\/\/aquaboulevard.fr\/es\/informacion-legal\/#breadcrumb\"},\"inLanguage\":\"es-ES\",\"potentialAction\":[{\"@type\":\"ReadAction\",\"target\":[\"https:\/\/aquaboulevard.fr\/es\/informacion-legal\/\"]}]},{\"@type\":\"BreadcrumbList\",\"@id\":\"https:\/\/aquaboulevard.fr\/es\/informacion-legal\/#breadcrumb\",\"itemListElement\":[{\"@type\":\"ListItem\",\"position\":1,\"name\":\"Accueil\",\"item\":\"https:\/\/aquaboulevard.fr\/es\/inicio\/\"},{\"@type\":\"ListItem\",\"position\":2,\"name\":\"Informaci\u00f3n legal\"}]},{\"@type\":\"WebSite\",\"@id\":\"https:\/\/aquaboulevard.fr\/#website\",\"url\":\"https:\/\/aquaboulevard.fr\/\",\"name\":\"Aquaboulevard de Paris\",\"description\":\"Parc aquatique urbain\",\"potentialAction\":[{\"@type\":\"SearchAction\",\"target\":{\"@type\":\"EntryPoint\",\"urlTemplate\":\"https:\/\/aquaboulevard.fr\/?s={search_term_string}\"},\"query-input\":{\"@type\":\"PropertyValueSpecification\",\"valueRequired\":true,\"valueName\":\"search_term_string\"}}],\"inLanguage\":\"es-ES\"}]}<\/script>\n<!-- \/ Yoast SEO plugin. -->","yoast_head_json":{"title":"Informaci\u00f3n legal | Centro de atracciones acu\u00e1ticas Aquaboulevard","description":"Normas e informaci\u00f3n sobre el parque acu\u00e1tico Aquaboulevard.","robots":{"index":"index","follow":"follow","max-snippet":"max-snippet:-1","max-image-preview":"max-image-preview:large","max-video-preview":"max-video-preview:-1"},"canonical":"https:\/\/aquaboulevard.fr\/es\/informacion-legal\/","og_locale":"es_ES","og_type":"article","og_title":"Informaci\u00f3n legal | Centro de atracciones acu\u00e1ticas Aquaboulevard","og_description":"Normas e informaci\u00f3n sobre el parque acu\u00e1tico Aquaboulevard.","og_url":"https:\/\/aquaboulevard.fr\/es\/informacion-legal\/","og_site_name":"Aquaboulevard de Paris","article_modified_time":"2023-07-02T12:41:17+00:00","twitter_card":"summary_large_image","twitter_misc":{"Est. reading time":"1 minute"},"schema":{"@context":"https:\/\/schema.org","@graph":[{"@type":"WebPage","@id":"https:\/\/aquaboulevard.fr\/es\/informacion-legal\/","url":"https:\/\/aquaboulevard.fr\/es\/informacion-legal\/","name":"Informaci\u00f3n legal | Centro de atracciones acu\u00e1ticas Aquaboulevard","isPartOf":{"@id":"https:\/\/aquaboulevard.fr\/#website"},"datePublished":"2021-07-19T17:42:43+00:00","dateModified":"2023-07-02T12:41:17+00:00","description":"Normas e informaci\u00f3n sobre el parque acu\u00e1tico Aquaboulevard.","breadcrumb":{"@id":"https:\/\/aquaboulevard.fr\/es\/informacion-legal\/#breadcrumb"},"inLanguage":"es-ES","potentialAction":[{"@type":"ReadAction","target":["https:\/\/aquaboulevard.fr\/es\/informacion-legal\/"]}]},{"@type":"BreadcrumbList","@id":"https:\/\/aquaboulevard.fr\/es\/informacion-legal\/#breadcrumb","itemListElement":[{"@type":"ListItem","position":1,"name":"Accueil","item":"https:\/\/aquaboulevard.fr\/es\/inicio\/"},{"@type":"ListItem","position":2,"name":"Informaci\u00f3n legal"}]},{"@type":"WebSite","@id":"https:\/\/aquaboulevard.fr\/#website","url":"https:\/\/aquaboulevard.fr\/","name":"Aquaboulevard de Paris","description":"Parc aquatique urbain","potentialAction":[{"@type":"SearchAction","target":{"@type":"EntryPoint","urlTemplate":"https:\/\/aquaboulevard.fr\/?s={search_term_string}"},"query-input":{"@type":"PropertyValueSpecification","valueRequired":true,"valueName":"search_term_string"}}],"inLanguage":"es-ES"}]}},"_links":{"self":[{"href":"https:\/\/aquaboulevard.fr\/es\/wp-json\/wp\/v2\/pages\/24096","targetHints":{"allow":["GET"]}}],"collection":[{"href":"https:\/\/aquaboulevard.fr\/es\/wp-json\/wp\/v2\/pages"}],"about":[{"href":"https:\/\/aquaboulevard.fr\/es\/wp-json\/wp\/v2\/types\/page"}],"author":[{"embeddable":true,"href":"https:\/\/aquaboulevard.fr\/es\/wp-json\/wp\/v2\/users\/990002"}],"replies":[{"embeddable":true,"href":"https:\/\/aquaboulevard.fr\/es\/wp-json\/wp\/v2\/comments?post=24096"}],"version-history":[{"count":2,"href":"https:\/\/aquaboulevard.fr\/es\/wp-json\/wp\/v2\/pages\/24096\/revisions"}],"predecessor-version":[{"id":24100,"href":"https:\/\/aquaboulevard.fr\/es\/wp-json\/wp\/v2\/pages\/24096\/revisions\/24100"}],"wp:attachment":[{"href":"https:\/\/aquaboulevard.fr\/es\/wp-json\/wp\/v2\/media?parent=24096"}],"curies":[{"name":"wp","href":"https:\/\/api.w.org\/{rel}","templated":true}]}}