{"id":24062,"date":"2021-07-22T14:52:10","date_gmt":"2021-07-22T12:52:10","guid":{"rendered":"https:\/\/aquaboulevard.fr\/las-reglas-de-oro\/"},"modified":"2023-07-04T18:18:45","modified_gmt":"2023-07-04T16:18:45","slug":"las-reglas-de-oro","status":"publish","type":"page","link":"https:\/\/aquaboulevard.fr\/es\/las-reglas-de-oro\/","title":{"rendered":"Las reglas de oro"},"content":{"rendered":"<div class=\"wpb-content-wrapper\"><p>[vc_row][vc_column][vc_column_text]<\/p>\n<h2 style=\"text-align: center;\">Las reglas de oro del parque acu\u00e1tico<\/h2>\n<div class=\"dummy\"><\/div>\n<p>[\/vc_column_text][\/vc_column][\/vc_row][vc_row][vc_column][vc_tta_tabs shape=&#8221;square&#8221; spacing=&#8221;&#8221; active_section=&#8221;1&#8243; no_fill_content_area=&#8221;true&#8221;][vc_tta_section title=&#8221;Entrada&#8221; tab_id=&#8221;1479118471653-c7e7d0ce-5760&#8243;][vc_row_inner][vc_column_inner width=&#8221;1\/2&#8243;][vc_single_image image=&#8221;23839&#8243; img_size=&#8221;full&#8221;][\/vc_column_inner][vc_column_inner width=&#8221;1\/2&#8243;][vc_empty_space height=&#8221;50px&#8221; alter_height=&#8221;none&#8221; hide_on_mobile=&#8221;&#8221;][vc_column_text]<\/p>\n<ul>\n<li>El parque acu\u00e1tico est\u00e1 <span style=\"color: #00acd0; font-weight: 600;\">abierto a ni\u00f1os a partir de 3 a\u00f1os<\/span>, previa presentaci\u00f3n de un justificante de edad.<\/li>\n<li>Los ni\u00f1os de 3 a 11 a\u00f1os inclusive deben acreditar su edad para poder beneficiarse de la tarifa infantil.<\/li>\n<li>Los menores de 12 a\u00f1os deben ir acompa\u00f1ados de un adulto.<\/li>\n<li><span style=\"color: #00acd0; font-weight: 600;\">Los brazaletes<\/span> <span style=\"color: #00acd0; font-weight: 600;\"><span style=\"color: #00acd0; font-weight: 600;\"> son <\/span><\/span> gratuitos.<br \/>\n<span style=\"color: #00acd0; font-weight: 600;\">Deben llevarse hasta los 6<\/span> a\u00f1os.<\/li>\n<\/ul>\n<p>[\/vc_column_text][\/vc_column_inner][\/vc_row_inner][\/vc_tta_section][vc_tta_section title=&#8221;Higiene&#8221; tab_id=&#8221;1496407557429-969676f1-318e&#8221;][vc_row_inner][vc_column_inner width=&#8221;1\/2&#8243;][vc_single_image image=&#8221;23890&#8243; img_size=&#8221;full&#8221;][\/vc_column_inner][vc_column_inner width=&#8221;1\/2&#8243;][vc_empty_space height=&#8221;50px&#8221; hide_on_mobile=&#8221;&#8221;][vc_column_text]<\/p>\n<ul>\n<li>Por favor, traiga una <span style=\"color: #00acd0; font-weight: 600;\">moneda de 2 euros<\/span> para las taquillas, que le ser\u00e1 devuelta a la salida.<\/li>\n<li>Es obligatorio ducharse y lavarse los pies antes de entrar en las piscinas.<\/li>\n<li>S\u00f3lo una persona por vestuario.<\/li>\n<\/ul>\n<p>[\/vc_column_text][vc_empty_space height=&#8221;50px&#8221; alter_height=&#8221;none&#8221; hide_on_mobile=&#8221;&#8221;][\/vc_column_inner][\/vc_row_inner][\/vc_tta_section][vc_tta_section title=&#8221;Se ve bien&#8221; tab_id=&#8221;1498822118992-003d18f5-10dd&#8221;][vc_row_inner][vc_column_inner width=&#8221;1\/2&#8243;][vc_single_image image=&#8221;23885&#8243; img_size=&#8221;full&#8221;][\/vc_column_inner][vc_column_inner width=&#8221;1\/2&#8243;][vc_empty_space height=&#8221;50px&#8221; alter_height=&#8221;none&#8221; hide_on_mobile=&#8221;&#8221;][vc_column_text]<\/p>\n<ul>\n<li>El traje de ba\u00f1o es obligatorio en el parque acu\u00e1tico: <span style=\"color: #00acd0; font-weight: 600;\">s\u00f3lo se permiten ba\u00f1adores ajustados y calzoncillos b\u00f3xer<\/span>.<\/li>\n<li><span style=\"color: #ff0000; font-weight: 600;\">No se permiten pantalones cortos, calzoncillos, pareos ni otras prendas de vestir<\/span>.<\/li>\n<\/ul>\n<p>[\/vc_column_text][\/vc_column_inner][\/vc_row_inner][\/vc_tta_section][vc_tta_section title=&#8221;Saber vivir&#8221; tab_id=&#8221;1626958504970-728597f9-d607&#8243;][vc_row_inner][vc_column_inner width=&#8221;1\/2&#8243;][vc_single_image image=&#8221;23886&#8243; img_size=&#8221;full&#8221;][\/vc_column_inner][vc_column_inner width=&#8221;1\/2&#8243;][vc_empty_space height=&#8221;50px&#8221; alter_height=&#8221;none&#8221; hide_on_mobile=&#8221;&#8221;][vc_column_text]<\/p>\n<ul>\n<li>Est\u00e1 terminantemente prohibido fumar fuera de la zona reservada para usted.<\/li>\n<li><span style=\"color: #ff0000; font-weight: 600;\">No se permiten los picnics.<\/span><\/li>\n<li>Los equipos musicales y los globos est\u00e1n estrictamente prohibidos.<\/li>\n<li>Cualquier falta de respeto hacia el personal de Aquaboulevard ser\u00e1 sancionada.<\/li>\n<\/ul>\n<p>[\/vc_column_text][\/vc_column_inner][\/vc_row_inner][\/vc_tta_section][\/vc_tta_tabs][\/vc_column][\/vc_row]<\/p>\n<\/div>","protected":false},"excerpt":{"rendered":"<p>[vc_row][vc_column][vc_column_text] Las reglas de oro del parque acu\u00e1tico [\/vc_column_text][\/vc_column][\/vc_row][vc_row][vc_column][vc_tta_tabs shape=&#8221;square&#8221; spacing=&#8221;&#8221; active_section=&#8221;1&#8243; no_fill_content_area=&#8221;true&#8221;][vc_tta_section title=&#8221;Entrada&#8221; tab_id=&#8221;1479118471653-c7e7d0ce-5760&#8243;][vc_row_inner][vc_column_inner width=&#8221;1\/2&#8243;][vc_single_image image=&#8221;23839&#8243; img_size=&#8221;full&#8221;][\/vc_column_inner][vc_column_inner width=&#8221;1\/2&#8243;][vc_empty_space height=&#8221;50px&#8221; alter_height=&#8221;none&#8221; hide_on_mobile=&#8221;&#8221;][vc_column_text] El parque acu\u00e1tico est\u00e1 abierto a ni\u00f1os a partir de 3 a\u00f1os, previa presentaci\u00f3n de un justificante de edad. Los ni\u00f1os de 3 a 11 a\u00f1os inclusive deben acreditar su edad para poder beneficiarse de la tarifa infantil.&hellip;<\/p>\n","protected":false},"author":990002,"featured_media":0,"parent":0,"menu_order":0,"comment_status":"closed","ping_status":"closed","template":"","meta":{"footnotes":""},"class_list":["post-24062","page","type-page","status-publish","hentry"],"yoast_head":"<!-- This site is optimized with the Yoast SEO plugin v27.2 - https:\/\/yoast.com\/product\/yoast-seo-wordpress\/ -->\n<title>Normas y reglamentos Piscina y atracciones del Aquaboulevard<\/title>\n<meta name=\"description\" content=\"Inf\u00f3rmate sobre las normas de higiene, buenos modales y vestimenta del parque. Todo lo que necesita saber sobre el reglamento del Aquaboulevard, las condiciones y permisos de entrada, la vigilancia de los ni\u00f1os y toda la informaci\u00f3n necesaria para planificar su visita.\" \/>\n<meta name=\"robots\" content=\"index, follow, max-snippet:-1, max-image-preview:large, max-video-preview:-1\" \/>\n<link rel=\"canonical\" href=\"https:\/\/aquaboulevard.fr\/es\/las-reglas-de-oro\/\" \/>\n<meta property=\"og:locale\" content=\"es_ES\" \/>\n<meta property=\"og:type\" content=\"article\" \/>\n<meta property=\"og:title\" content=\"Normas y reglamentos Piscina y atracciones del Aquaboulevard\" \/>\n<meta property=\"og:description\" content=\"Inf\u00f3rmate sobre las normas de higiene, buenos modales y vestimenta del parque. Todo lo que necesita saber sobre el reglamento del Aquaboulevard, las condiciones y permisos de entrada, la vigilancia de los ni\u00f1os y toda la informaci\u00f3n necesaria para planificar su visita.\" \/>\n<meta property=\"og:url\" content=\"https:\/\/aquaboulevard.fr\/es\/las-reglas-de-oro\/\" \/>\n<meta property=\"og:site_name\" content=\"Aquaboulevard de Paris\" \/>\n<meta property=\"article:modified_time\" content=\"2023-07-04T16:18:45+00:00\" \/>\n<meta name=\"twitter:card\" content=\"summary_large_image\" \/>\n<meta name=\"twitter:label1\" content=\"Est. reading time\" \/>\n\t<meta name=\"twitter:data1\" content=\"2 minutes\" \/>\n<script type=\"application\/ld+json\" class=\"yoast-schema-graph\">{\"@context\":\"https:\/\/schema.org\",\"@graph\":[{\"@type\":\"WebPage\",\"@id\":\"https:\/\/aquaboulevard.fr\/es\/las-reglas-de-oro\/\",\"url\":\"https:\/\/aquaboulevard.fr\/es\/las-reglas-de-oro\/\",\"name\":\"Normas y reglamentos Piscina y atracciones del Aquaboulevard\",\"isPartOf\":{\"@id\":\"https:\/\/aquaboulevard.fr\/#website\"},\"datePublished\":\"2021-07-22T12:52:10+00:00\",\"dateModified\":\"2023-07-04T16:18:45+00:00\",\"description\":\"Inf\u00f3rmate sobre las normas de higiene, buenos modales y vestimenta del parque. Todo lo que necesita saber sobre el reglamento del Aquaboulevard, las condiciones y permisos de entrada, la vigilancia de los ni\u00f1os y toda la informaci\u00f3n necesaria para planificar su visita.\",\"breadcrumb\":{\"@id\":\"https:\/\/aquaboulevard.fr\/es\/las-reglas-de-oro\/#breadcrumb\"},\"inLanguage\":\"es-ES\",\"potentialAction\":[{\"@type\":\"ReadAction\",\"target\":[\"https:\/\/aquaboulevard.fr\/es\/las-reglas-de-oro\/\"]}]},{\"@type\":\"BreadcrumbList\",\"@id\":\"https:\/\/aquaboulevard.fr\/es\/las-reglas-de-oro\/#breadcrumb\",\"itemListElement\":[{\"@type\":\"ListItem\",\"position\":1,\"name\":\"Accueil\",\"item\":\"https:\/\/aquaboulevard.fr\/es\/inicio\/\"},{\"@type\":\"ListItem\",\"position\":2,\"name\":\"Las reglas de oro\"}]},{\"@type\":\"WebSite\",\"@id\":\"https:\/\/aquaboulevard.fr\/#website\",\"url\":\"https:\/\/aquaboulevard.fr\/\",\"name\":\"Aquaboulevard de Paris\",\"description\":\"Parc aquatique urbain\",\"potentialAction\":[{\"@type\":\"SearchAction\",\"target\":{\"@type\":\"EntryPoint\",\"urlTemplate\":\"https:\/\/aquaboulevard.fr\/?s={search_term_string}\"},\"query-input\":{\"@type\":\"PropertyValueSpecification\",\"valueRequired\":true,\"valueName\":\"search_term_string\"}}],\"inLanguage\":\"es-ES\"}]}<\/script>\n<!-- \/ Yoast SEO plugin. -->","yoast_head_json":{"title":"Normas y reglamentos Piscina y atracciones del Aquaboulevard","description":"Inf\u00f3rmate sobre las normas de higiene, buenos modales y vestimenta del parque. Todo lo que necesita saber sobre el reglamento del Aquaboulevard, las condiciones y permisos de entrada, la vigilancia de los ni\u00f1os y toda la informaci\u00f3n necesaria para planificar su visita.","robots":{"index":"index","follow":"follow","max-snippet":"max-snippet:-1","max-image-preview":"max-image-preview:large","max-video-preview":"max-video-preview:-1"},"canonical":"https:\/\/aquaboulevard.fr\/es\/las-reglas-de-oro\/","og_locale":"es_ES","og_type":"article","og_title":"Normas y reglamentos Piscina y atracciones del Aquaboulevard","og_description":"Inf\u00f3rmate sobre las normas de higiene, buenos modales y vestimenta del parque. Todo lo que necesita saber sobre el reglamento del Aquaboulevard, las condiciones y permisos de entrada, la vigilancia de los ni\u00f1os y toda la informaci\u00f3n necesaria para planificar su visita.","og_url":"https:\/\/aquaboulevard.fr\/es\/las-reglas-de-oro\/","og_site_name":"Aquaboulevard de Paris","article_modified_time":"2023-07-04T16:18:45+00:00","twitter_card":"summary_large_image","twitter_misc":{"Est. reading time":"2 minutes"},"schema":{"@context":"https:\/\/schema.org","@graph":[{"@type":"WebPage","@id":"https:\/\/aquaboulevard.fr\/es\/las-reglas-de-oro\/","url":"https:\/\/aquaboulevard.fr\/es\/las-reglas-de-oro\/","name":"Normas y reglamentos Piscina y atracciones del Aquaboulevard","isPartOf":{"@id":"https:\/\/aquaboulevard.fr\/#website"},"datePublished":"2021-07-22T12:52:10+00:00","dateModified":"2023-07-04T16:18:45+00:00","description":"Inf\u00f3rmate sobre las normas de higiene, buenos modales y vestimenta del parque. Todo lo que necesita saber sobre el reglamento del Aquaboulevard, las condiciones y permisos de entrada, la vigilancia de los ni\u00f1os y toda la informaci\u00f3n necesaria para planificar su visita.","breadcrumb":{"@id":"https:\/\/aquaboulevard.fr\/es\/las-reglas-de-oro\/#breadcrumb"},"inLanguage":"es-ES","potentialAction":[{"@type":"ReadAction","target":["https:\/\/aquaboulevard.fr\/es\/las-reglas-de-oro\/"]}]},{"@type":"BreadcrumbList","@id":"https:\/\/aquaboulevard.fr\/es\/las-reglas-de-oro\/#breadcrumb","itemListElement":[{"@type":"ListItem","position":1,"name":"Accueil","item":"https:\/\/aquaboulevard.fr\/es\/inicio\/"},{"@type":"ListItem","position":2,"name":"Las reglas de oro"}]},{"@type":"WebSite","@id":"https:\/\/aquaboulevard.fr\/#website","url":"https:\/\/aquaboulevard.fr\/","name":"Aquaboulevard de Paris","description":"Parc aquatique urbain","potentialAction":[{"@type":"SearchAction","target":{"@type":"EntryPoint","urlTemplate":"https:\/\/aquaboulevard.fr\/?s={search_term_string}"},"query-input":{"@type":"PropertyValueSpecification","valueRequired":true,"valueName":"search_term_string"}}],"inLanguage":"es-ES"}]}},"_links":{"self":[{"href":"https:\/\/aquaboulevard.fr\/es\/wp-json\/wp\/v2\/pages\/24062","targetHints":{"allow":["GET"]}}],"collection":[{"href":"https:\/\/aquaboulevard.fr\/es\/wp-json\/wp\/v2\/pages"}],"about":[{"href":"https:\/\/aquaboulevard.fr\/es\/wp-json\/wp\/v2\/types\/page"}],"author":[{"embeddable":true,"href":"https:\/\/aquaboulevard.fr\/es\/wp-json\/wp\/v2\/users\/990002"}],"replies":[{"embeddable":true,"href":"https:\/\/aquaboulevard.fr\/es\/wp-json\/wp\/v2\/comments?post=24062"}],"version-history":[{"count":3,"href":"https:\/\/aquaboulevard.fr\/es\/wp-json\/wp\/v2\/pages\/24062\/revisions"}],"predecessor-version":[{"id":24333,"href":"https:\/\/aquaboulevard.fr\/es\/wp-json\/wp\/v2\/pages\/24062\/revisions\/24333"}],"wp:attachment":[{"href":"https:\/\/aquaboulevard.fr\/es\/wp-json\/wp\/v2\/media?parent=24062"}],"curies":[{"name":"wp","href":"https:\/\/api.w.org\/{rel}","templated":true}]}}