{"id":24047,"date":"2021-07-20T16:25:47","date_gmt":"2021-07-20T14:25:47","guid":{"rendered":"https:\/\/aquaboulevard.fr\/acceso-y-horarios\/"},"modified":"2024-07-09T17:44:06","modified_gmt":"2024-07-09T15:44:06","slug":"acceso-y-horarios","status":"publish","type":"page","link":"https:\/\/aquaboulevard.fr\/es\/acceso-y-horarios\/","title":{"rendered":"Acceso y horarios"},"content":{"rendered":"<div class=\"wpb-content-wrapper\"><p>[vc_row equal_height=&#8221;yes&#8221;][vc_column][vc_column_text]<\/p>\n<h2 style=\"text-align: center;\">Acceda a<\/h2>\n<div class=\"dummy\"><\/div>\n<p>[\/vc_column_text]<div id=\"sc_googlemap_1760494032_wrap\" class=\"sc_googlemap_wrap\"><div id=\"sc_googlemap_1760494032\"\n\t\t\tclass=\"sc_googlemap sc_googlemap_default\"\n\t\t\t style=\"width:100%;height:485px;\"\t\t\tdata-zoom=\"14\"\n\t\t\tdata-style=\"grey\"\n\t\t\tdata-cluster-icon=\"\"\n        ><iframe\n                    src=\"https:\/\/maps.google.com\/maps?t=m&output=embed&iwloc=near&z=14&q=4-6%2C+rue+Louis+Armand\"\n                    scrolling=\"no\"\n                    marginheight=\"0\"\n                    marginwidth=\"0\"\n                    frameborder=\"0\"\n                    aria-label=\"\"><\/iframe><\/div><\/div><!-- \/.sc_googlemap_wrap -->[vc_column_text css=&#8221;.vc_custom_1626794578938{margin-top: 40px !important;}&#8221;]<\/p>\n<h6 style=\"text-align: center;\">Aquaboulevard de Par\u00eds &#8211; 4-6 rue Louis Armand &#8211; Par\u00eds, distrito <sup>15<\/sup><\/h6>\n<p>[\/vc_column_text][vc_row_inner css=&#8221;.vc_custom_1626792845513{margin-top: 40px !important;margin-bottom: 40px !important;}&#8221;][vc_column_inner width=&#8221;1\/2&#8243;]<div class=\"sc_item_button sc_button_wrap sc_align_center\"><a href=\"https:\/\/www.viamichelin.fr\/web\/Itineraires?departure=&#038;arrival=Aquaboulevard%20De%20Paris%2C%20Rue%20Louis%20Armand%2075015%2015e%20Arrondissement%20Paris&#038;arrivalTid=tomtom-12500006973751&#038;index=0&#038;vehicle=0&#038;type=0&#038;distance=km&#038;currency=EUR&#038;highway=false&#038;toll=false&#038;vignette=false&#038;orc=false&#038;crossing=true&#038;caravan=false&#038;shouldUseTraffic=false&#038;withBreaks=false&#038;break_frequency=7200&#038;coffee_duration=1200&#038;lunch_duration=3600&#038;diner_duration=3600&#038;night_duration=32400&#038;car=hatchback&#038;fuel=petrol&#038;fuelCost=1.571&#038;allowance=0&#038;corridor=&#038;departureDate=&#038;arrivalDate=&#038;fuelConsumption=6.8:5.6:5.6&#038;shouldUseNewEngine=false\" id=\"sc_button_330919442\" class=\"sc_button color_style_default sc_button_default sc_button_size_normal sc_button_icon_left\" target=\"_blank\"><span class=\"sc_button_icon\"><span class=\"icon-car\"><\/span><\/span><span class=\"sc_button_text sc_align_center\"><span class=\"sc_button_title\">planificador de rutas<\/span><\/span><!-- \/.sc_button_text --><\/a><!-- \/.sc_button --><\/div><!-- \/.sc_item_button -->[\/vc_column_inner][vc_column_inner width=&#8221;1\/2&#8243;]<div class=\"sc_item_button sc_button_wrap sc_align_center\"><a href=\"https:\/\/www.ratp.fr\/itineraires\/Forest%20Hill%20-%20Aquaboulevard%20De%20Paris_%204-6%20Rue%20Louis%20Armand%2075015%20Paris%26Forest%20Hill%20-%20Aquaboulevard%20De%20Paris_%204-6%20Rue%20Louis%20Armand%2075015%20Paris#no-back\" id=\"sc_button_1430904024\" class=\"sc_button color_style_default sc_button_default sc_button_size_normal sc_button_icon_left\" target=\"_blank\"><span class=\"sc_button_icon\"><span class=\"icon-train\"><\/span><\/span><span class=\"sc_button_text sc_align_center\"><span class=\"sc_button_title\">planificador de rutas<\/span><\/span><!-- \/.sc_button_text --><\/a><!-- \/.sc_button --><\/div><!-- \/.sc_item_button -->[\/vc_column_inner][\/vc_row_inner][vc_row_inner css=&#8221;.vc_custom_1636734836409{margin-bottom: 50px !important;}&#8221;][vc_column_inner width=&#8221;1\/3&#8243;][\/vc_column_inner][vc_column_inner width=&#8221;1\/3&#8243;][vc_single_image image=&#8221;23880&#8243; img_size=&#8221;full&#8221;][\/vc_column_inner][vc_column_inner width=&#8221;1\/3&#8243;][\/vc_column_inner][\/vc_row_inner][\/vc_column][\/vc_row][vc_row css=&#8221;.vc_custom_1636476214262{margin-bottom: 50px !important;}&#8221;][vc_column width=&#8221;1\/3&#8243;][vc_single_image image=&#8221;23881&#8243; img_size=&#8221;full&#8221;][\/vc_column][vc_column width=&#8221;1\/3&#8243;][vc_single_image image=&#8221;23882&#8243; img_size=&#8221;full&#8221;][\/vc_column][vc_column width=&#8221;1\/3&#8243;][vc_single_image image=&#8221;23883&#8243; img_size=&#8221;full&#8221;][\/vc_column][\/vc_row][vc_row][vc_column width=&#8221;1\/3&#8243;][vc_single_image image=&#8221;23884&#8243; img_size=&#8221;full&#8221;][\/vc_column][vc_column width=&#8221;1\/3&#8243;][vc_single_image image=&#8221;23878&#8243; img_size=&#8221;full&#8221;][\/vc_column][vc_column width=&#8221;1\/3&#8243;][vc_single_image image=&#8221;23879&#8243; img_size=&#8221;full&#8221;][\/vc_column][\/vc_row][vc_row][vc_column][vc_separator][\/vc_column][\/vc_row][vc_row][vc_column][vc_column_text]<\/p>\n<h2 style=\"text-align: center;\">Horario<\/h2>\n<div class=\"dummy\"><\/div>\n<p>[\/vc_column_text][\/vc_column][\/vc_row][vc_row el_id=&#8221;horario de apertura&#8221;][vc_column width=&#8221;1\/2&#8243;][vc_tta_accordion shape=&#8221;round&#8221; c_icon=&#8221;chevron&#8221; c_position=&#8221;right&#8221; active_section=&#8221;1&#8243; no_fill=&#8221;true&#8221; css=&#8221;.vc_custom_1637146723387{background-color: #2ea2cc !important;}&#8221;][vc_tta_section title=&#8221;Club Forest Hill&#8221; tab_id=&#8221;1479118119676-0c143415-f00f&#8221;][vc_column_text]<strong style=\"color: #000000;\">Club Fitness Cardio-Musculaci\u00f3n<\/strong><br \/>\nAbierto entre semana de 7.00 a 22.00 horas<br \/>\nFines de semana de 8.00 a 20.00 horas<\/p>\n<p><strong style=\"color: #000000;\">Tenis \/ Squash<\/strong><br \/>\nAbierto todos los d\u00edas de 7.00 a 24.00 horas<\/p>\n<p><strong style=\"color: #000000;\">Boutique Forest Hill<\/strong><br \/>\nInformaci\u00f3n e inscripci\u00f3n<br \/>\nAbierto entre semana de 10.00 a 21.00 horas<br \/>\nAbierto fines de semana y festivos de 10.00 a 20.00 h.<\/p>\n<p>[\/vc_column_text][\/vc_tta_section][vc_tta_section title=&#8221;Restaurantes&#8221; tab_id=&#8221;1479118320566-27f5d3ff-7fd7&#8243;][vc_column_text]<strong style=\"color: #000000;\">MyoCorner<\/strong><br \/>\nAbierto todos los d\u00edas de 10.00 a 19.00 horas<\/p>\n<p><strong style=\"color: #000000;\">Cap Sud<\/strong><br \/>\n(Catering dentro del parque acu\u00e1tico)<br \/>\nAbierto seg\u00fan el horario del parque acu\u00e1tico<br \/>\nde 11h00 a 19h00<\/p>\n<p><strong style=\"color: #000000;\">Bar Mini-Golf<\/strong><br \/>\n(Catering fuera del parque acu\u00e1tico)<br \/>\nAbierto del 8 de abril al 3 de septiembre de 2023<br \/>\nde 11.00 a 20.00 horas<\/p>\n<p><strong style=\"color: #000000;\">McDonald&#8217;s<\/strong><br \/>\nAbierto todos los d\u00edas de 11.00 a 23.00 horas<\/p>\n<p><strong style=\"color: #000000;\">Mc Caf\u00e9<\/strong><br \/>\nAbierto todos los d\u00edas de 11.00 a 23.00 horas<\/p>\n<p><strong style=\"color: #000000;\">Haagen Dasz<\/strong><br \/>\nAbierto todos los d\u00edas de 10.00 a 22.30 h.[\/vc_column_text][\/vc_tta_section][vc_tta_section title=&#8221;Cine Gaumont&#8221; tab_id=&#8221;1479118351425-27416a83-cfdb&#8221;][vc_column_text]Abierto todos los d\u00edas de 10.00 a 01.00<br \/>\n&#8211;<br \/>\n14 habitaciones<br \/>\n2479 plazas<br \/>\nProyecci\u00f3n digital y sonido 7.1<br \/>\nen todos los cines<br \/>\nAparcamiento con 1000 plazas<br \/>\nAccesibilidad de las PMR[\/vc_column_text][\/vc_tta_section][vc_tta_section title=&#8221;Tiendas&#8221; tab_id=&#8221;1498821839970-07062643-fd4a&#8221;][vc_column_text]<strong style=\"color: #000000;\">Tienda D\u00e9cathlon<\/strong><br \/>\nAbierto todos los d\u00edas de 9.30 a 20.00 horas.<\/p>\n<p><strong style=\"color: #000000;\">Tienda profesional<\/strong><br \/>\nAbierto todos los d\u00edas de 10.00 a 20.00 horas[\/vc_column_text][\/vc_tta_section][\/vc_tta_accordion][vc_row_inner][vc_column_inner offset=&#8221;vc_hidden-lg vc_hidden-md vc_hidden-sm&#8221;][vc_empty_space alter_height=&#8221;medium&#8221; hide_on_mobile=&#8221;&#8221;][\/vc_column_inner][\/vc_row_inner][\/vc_column][vc_column width=&#8221;1\/2&#8243;][vc_single_image image=&#8221;23839&#8243; img_size=&#8221;full&#8221;][vc_empty_space height=&#8221;15px&#8221; alter_height=&#8221;none&#8221; hide_on_mobile=&#8221;&#8221;][vc_column_text]<span style=\"font-size: 24px; font-weight: 600; color: #ff6e00; text-transform: uppercase; line-height: 1;\">del 6 de abril al 8 de septiembre de 2024, ambos inclusive<\/span><br \/>\n<span style=\"font-size: 24px; font-weight: 600; color: #00516f; text-transform: uppercase; line-height: 2;\">El parque acu\u00e1tico le da la bienvenida:<\/span><br \/>\n<span style=\"font-size: 20px; font-weight: 600; color: #00516f; text-transform: uppercase; line-height: 2;\">&#8211; TODOS LOS D\u00cdAS :<\/span><\/p>\n<p>De lunes a jueves: de 9.00 a 23.00 horas<br \/>\nViernes: de 9.00 a 24.00 horas<br \/>\nS\u00e1bado: de 8.00 a 24.00 horas<br \/>\nDomingo: de 8.00 a 23.00 horas<\/p>\n<p>&#8211; <span style=\"font-size: 20px; font-weight: 600; color: #00516f; text-transform: uppercase; line-height: 2;\">d\u00edas festivos:<\/span> de 8.00 a 23.00 horas<\/p>\n<p>Las cajas cierran todos los d\u00edas a las 21.00 horas.[\/vc_column_text][vc_empty_space height=&#8221;2.4rem&#8221; alter_height=&#8221;none&#8221; hide_on_mobile=&#8221;&#8221;][vc_column_text]<span style=\"font-size: 24px; font-weight: 600; color: #ff6e00; text-transform: uppercase; line-height: 1;\">del 9 de septiembre de 2024<\/span><br \/>\n<span style=\"font-size: 24px; font-weight: 600; color: #00516f; text-transform: uppercase; line-height: 2;\">El parque acu\u00e1tico le da la bienvenida:<\/span><br \/>\n<span style=\"font-size: 20px; font-weight: 600; color: #00516f; text-transform: uppercase; line-height: 2;\">&#8211; TODOS LOS FINES DE SEMANA:<\/span><br \/>\nS\u00e1bado: de 8.00 a 24.00 horas<br \/>\nDomingo: de 8.00 a 23.00 horas<\/p>\n<p>&#8211; <span style=\"font-size: 20px; font-weight: 600; color: #00516f; text-transform: uppercase; line-height: 2;\">d\u00edas festivos:<\/span> de 8.00 a 23.00 horas<\/p>\n<p><span style=\"font-size: 20px; font-weight: 600; color: #00516f; text-transform: uppercase; line-height: 2;\">&#8211; Y TODOS LOS D\u00cdAS DURANTE LAS VACACIONES ESCOLARES (ZONA C) :<\/span><br \/>\nDe lunes a jueves: de 9.00 a 23.00 horas<br \/>\nViernes: de 9.00 a 24.00 horas<br \/>\nS\u00e1bado: de 8.00 a 24.00 horas<br \/>\nDomingo: de 8.00 h. a 23.00 h.<\/p>\n<p>Las taquillas cierran todos los d\u00edas a las 21.00 horas.[\/vc_column_text][\/vc_column][\/vc_row][vc_row disable_element=&#8221;yes&#8221;][vc_column width=&#8221;1\/2&#8243;][vc_tta_accordion shape=&#8221;round&#8221; c_icon=&#8221;chevron&#8221; c_position=&#8221;right&#8221; active_section=&#8221;2&#8243; no_fill=&#8221;true&#8221;][vc_tta_section title=&#8221;Lorem ipsum dolor sit amet, consectetuer?&#8221; tab_id=&#8221;1626794621407-897d6ecf-3908&#8243;][vc_column_text]Lorem ipsum dolor sit amet, consectetuer adipiscing elit, sed diam nonummy nibh euismod tincidunt ut laoreet dolore magna aliquam erat volutpat. Ut wisi enim ad mm veniam, quis nostrud exerci tation ullamcorper suscipit lobortis nisl.[\/vc_column_text][\/vc_tta_section][vc_tta_section title=&#8221;Sed perspiciatis unde omnis?&#8221; tab_id=&#8221;1626794621468-5da8ad9d-0f64&#8243;][vc_column_text]Lorem ipsum dolor sit amet, consectetuer adipiscing elit, sed diam nonummy nibh euismod tincidunt ut laoreet dolore magna aliquam erat volutpat. Ut wisi enim ad mm veniam, quis nostrud exerci tation ullamcorper suscipit lobortis nisl.[\/vc_column_text][\/vc_tta_section][vc_tta_section title=&#8221;Vel illum dolore eu feugiat?&#8221; tab_id=&#8221;1626794621528-201ae54c-7913&#8243;][vc_column_text]Lorem ipsum dolor sit amet, consectetuer adipiscing elit, sed diam nonummy nibh euismod tincidunt ut laoreet dolore magna aliquam erat volutpat. Ut wisi enim ad mm veniam, quis nostrud exerci tation ullamcorper suscipit lobortis nisl.[\/vc_column_text][\/vc_tta_section][vc_tta_section title=&#8221;Duis autem vel eum iriure dolor in hendrerit?&#8221; tab_id=&#8221;1626794621593-9978f414-e6a1&#8243;][vc_column_text]Lorem ipsum dolor sit amet, consectetuer adipiscing elit, sed diam nonummy nibh euismod tincidunt ut laoreet dolore magna aliquam erat volutpat. Ut wisi enim ad mm veniam, quis nostrud exerci tation ullamcorper suscipit lobortis nisl.[\/vc_column_text][\/vc_tta_section][\/vc_tta_accordion][vc_row_inner][vc_column_inner offset=&#8221;vc_hidden-lg vc_hidden-md vc_hidden-sm&#8221;][vc_empty_space alter_height=&#8221;medium&#8221; hide_on_mobile=&#8221;&#8221;][\/vc_column_inner][\/vc_row_inner][\/vc_column][vc_column width=&#8221;1\/2&#8243;][vc_tta_tabs shape=&#8221;square&#8221; spacing=&#8221;&#8221; active_section=&#8221;1&#8243; no_fill_content_area=&#8221;true&#8221;][vc_tta_section title=&#8221;Piscina ol\u00edmpica&#8221; tab_id=&#8221;1626794621811-e0bca326-6577&#8243;][vc_single_image image=&#8221;306&#8243; img_size=&#8221;full&#8221;][vc_empty_space height=&#8221;2.4rem&#8221; alter_height=&#8221;none&#8221; hide_on_mobile=&#8221;&#8221;][vc_column_text]Lorem ipsum dolor sit amet, consectetuer adipiscing elit, sed diam nonummy nibh euismod tincidunt ut laoreet dolore magna aliquam erat volutpat. Ut wisi enim ad minim veniam, quis nostrud exerci tation ullamcorper suscipit lobortis nisl ut aliquip ex ea commodo consequat. Duis autem vel eum iriure dolor in hendrerit in vulputate velit esse molestie consequat, vel illum dolore eu feugiat nulla facilisis at vero.[\/vc_column_text][\/vc_tta_section][vc_tta_section title=&#8221;Duchas y sauna&#8221; tab_id=&#8221;1626794621945-50dad5d3-3bbc&#8221;][vc_single_image image=&#8221;308&#8243; img_size=&#8221;full&#8221;][vc_empty_space height=&#8221;2.4rem&#8221; alter_height=&#8221;none&#8221; hide_on_mobile=&#8221;&#8221;][vc_column_text]Lorem ipsum dolor sit amet, consectetuer adipiscing elit, sed diam nonummy nibh euismod tincidunt ut laoreet dolore magna aliquam erat volutpat. Ut wisi enim ad minim veniam, quis nostrud exerci tation ullamcorper suscipit lobortis nisl ut aliquip ex ea commodo consequat. Duis autem vel eum iriure dolor in hendrerit in vulputate velit esse molestie consequat, vel illum dolore eu feugiat nulla facilisis at vero.[\/vc_column_text][\/vc_tta_section][vc_tta_section title=&#8221;Servicio de comidas y bebidas&#8221; tab_id=&#8221;1626794622076-3d1376bf-44aa&#8221;][vc_single_image image=&#8221;310&#8243; img_size=&#8221;full&#8221;][vc_empty_space height=&#8221;2.4rem&#8221; alter_height=&#8221;none&#8221; hide_on_mobile=&#8221;&#8221;][vc_column_text]Lorem ipsum dolor sit amet, consectetuer adipiscing elit, sed diam nonummy nibh euismod tincidunt ut laoreet dolore magna aliquam erat volutpat. Ut wisi enim ad minim veniam, quis nostrud exerci tation ullamcorper suscipit lobortis nisl ut aliquip ex ea commodo consequat. Duis autem vel eum iriure dolor in hendrerit in vulputate velit esse molestie consequat, vel illum dolore eu feugiat nulla facilisis at vero.[\/vc_column_text][\/vc_tta_section][\/vc_tta_tabs][\/vc_column][\/vc_row]<\/p>\n<\/div>","protected":false},"excerpt":{"rendered":"<p>[vc_row equal_height=&#8221;yes&#8221;][vc_column][vc_column_text] Acceda a [\/vc_column_text][vc_column_text css=&#8221;.vc_custom_1626794578938{margin-top: 40px !important;}&#8221;] Aquaboulevard de Par\u00eds &#8211; 4-6 rue Louis Armand &#8211; Par\u00eds, distrito 15 [\/vc_column_text][vc_row_inner css=&#8221;.vc_custom_1626792845513{margin-top: 40px !important;margin-bottom: 40px !important;}&#8221;][vc_column_inner width=&#8221;1\/2&#8243;][\/vc_column_inner][vc_column_inner width=&#8221;1\/2&#8243;][\/vc_column_inner][\/vc_row_inner][vc_row_inner css=&#8221;.vc_custom_1636734836409{margin-bottom: 50px !important;}&#8221;][vc_column_inner width=&#8221;1\/3&#8243;][\/vc_column_inner][vc_column_inner width=&#8221;1\/3&#8243;][vc_single_image image=&#8221;23880&#8243; img_size=&#8221;full&#8221;][\/vc_column_inner][vc_column_inner width=&#8221;1\/3&#8243;][\/vc_column_inner][\/vc_row_inner][\/vc_column][\/vc_row][vc_row css=&#8221;.vc_custom_1636476214262{margin-bottom: 50px !important;}&#8221;][vc_column width=&#8221;1\/3&#8243;][vc_single_image image=&#8221;23881&#8243; img_size=&#8221;full&#8221;][\/vc_column][vc_column width=&#8221;1\/3&#8243;][vc_single_image image=&#8221;23882&#8243; img_size=&#8221;full&#8221;][\/vc_column][vc_column width=&#8221;1\/3&#8243;][vc_single_image image=&#8221;23883&#8243; img_size=&#8221;full&#8221;][\/vc_column][\/vc_row][vc_row][vc_column width=&#8221;1\/3&#8243;][vc_single_image image=&#8221;23884&#8243; img_size=&#8221;full&#8221;][\/vc_column][vc_column width=&#8221;1\/3&#8243;][vc_single_image image=&#8221;23878&#8243; img_size=&#8221;full&#8221;][\/vc_column][vc_column width=&#8221;1\/3&#8243;][vc_single_image image=&#8221;23879&#8243; img_size=&#8221;full&#8221;][\/vc_column][\/vc_row][vc_row][vc_column][vc_separator][\/vc_column][\/vc_row][vc_row][vc_column][vc_column_text] Horario [\/vc_column_text][\/vc_column][\/vc_row][vc_row el_id=&#8221;horario&hellip;<\/p>\n","protected":false},"author":990002,"featured_media":0,"parent":0,"menu_order":0,"comment_status":"closed","ping_status":"closed","template":"","meta":{"footnotes":""},"class_list":["post-24047","page","type-page","status-publish","hentry"],"yoast_head":"<!-- This site is optimized with the Yoast SEO plugin v27.2 - https:\/\/yoast.com\/product\/yoast-seo-wordpress\/ -->\n<title>Horario y acceso al Aquaboulevard<\/title>\n<meta name=\"description\" content=\"Inf\u00f3rmese sobre los horarios de apertura y cierre del parque acu\u00e1tico. Abierto en verano e invierno, el acceso en coche o transporte p\u00fablico es r\u00e1pido y sencillo. Venga a vivir emociones fuertes con su familia o amigos en el Aquaboulevard de Par\u00eds;\" \/>\n<meta name=\"robots\" content=\"index, follow, max-snippet:-1, max-image-preview:large, max-video-preview:-1\" \/>\n<link rel=\"canonical\" href=\"https:\/\/aquaboulevard.fr\/es\/acceso-y-horarios\/\" \/>\n<meta property=\"og:locale\" content=\"es_ES\" \/>\n<meta property=\"og:type\" content=\"article\" \/>\n<meta property=\"og:title\" content=\"Horario y acceso al Aquaboulevard\" \/>\n<meta property=\"og:description\" content=\"Inf\u00f3rmese sobre los horarios de apertura y cierre del parque acu\u00e1tico. Abierto en verano e invierno, el acceso en coche o transporte p\u00fablico es r\u00e1pido y sencillo. Venga a vivir emociones fuertes con su familia o amigos en el Aquaboulevard de Par\u00eds;\" \/>\n<meta property=\"og:url\" content=\"https:\/\/aquaboulevard.fr\/es\/acceso-y-horarios\/\" \/>\n<meta property=\"og:site_name\" content=\"Aquaboulevard de Paris\" \/>\n<meta property=\"article:modified_time\" content=\"2024-07-09T15:44:06+00:00\" \/>\n<meta name=\"twitter:card\" content=\"summary_large_image\" \/>\n<meta name=\"twitter:label1\" content=\"Est. reading time\" \/>\n\t<meta name=\"twitter:data1\" content=\"7 minutes\" \/>\n<script type=\"application\/ld+json\" class=\"yoast-schema-graph\">{\"@context\":\"https:\/\/schema.org\",\"@graph\":[{\"@type\":\"WebPage\",\"@id\":\"https:\/\/aquaboulevard.fr\/es\/acceso-y-horarios\/\",\"url\":\"https:\/\/aquaboulevard.fr\/es\/acceso-y-horarios\/\",\"name\":\"Horario y acceso al Aquaboulevard\",\"isPartOf\":{\"@id\":\"https:\/\/aquaboulevard.fr\/#website\"},\"datePublished\":\"2021-07-20T14:25:47+00:00\",\"dateModified\":\"2024-07-09T15:44:06+00:00\",\"description\":\"Inf\u00f3rmese sobre los horarios de apertura y cierre del parque acu\u00e1tico. Abierto en verano e invierno, el acceso en coche o transporte p\u00fablico es r\u00e1pido y sencillo. Venga a vivir emociones fuertes con su familia o amigos en el Aquaboulevard de Par\u00eds;\",\"breadcrumb\":{\"@id\":\"https:\/\/aquaboulevard.fr\/es\/acceso-y-horarios\/#breadcrumb\"},\"inLanguage\":\"es-ES\",\"potentialAction\":[{\"@type\":\"ReadAction\",\"target\":[\"https:\/\/aquaboulevard.fr\/es\/acceso-y-horarios\/\"]}]},{\"@type\":\"BreadcrumbList\",\"@id\":\"https:\/\/aquaboulevard.fr\/es\/acceso-y-horarios\/#breadcrumb\",\"itemListElement\":[{\"@type\":\"ListItem\",\"position\":1,\"name\":\"Accueil\",\"item\":\"https:\/\/aquaboulevard.fr\/es\/inicio\/\"},{\"@type\":\"ListItem\",\"position\":2,\"name\":\"Acceso y horarios\"}]},{\"@type\":\"WebSite\",\"@id\":\"https:\/\/aquaboulevard.fr\/#website\",\"url\":\"https:\/\/aquaboulevard.fr\/\",\"name\":\"Aquaboulevard de Paris\",\"description\":\"Parc aquatique urbain\",\"potentialAction\":[{\"@type\":\"SearchAction\",\"target\":{\"@type\":\"EntryPoint\",\"urlTemplate\":\"https:\/\/aquaboulevard.fr\/?s={search_term_string}\"},\"query-input\":{\"@type\":\"PropertyValueSpecification\",\"valueRequired\":true,\"valueName\":\"search_term_string\"}}],\"inLanguage\":\"es-ES\"}]}<\/script>\n<!-- \/ Yoast SEO plugin. -->","yoast_head_json":{"title":"Horario y acceso al Aquaboulevard","description":"Inf\u00f3rmese sobre los horarios de apertura y cierre del parque acu\u00e1tico. Abierto en verano e invierno, el acceso en coche o transporte p\u00fablico es r\u00e1pido y sencillo. Venga a vivir emociones fuertes con su familia o amigos en el Aquaboulevard de Par\u00eds;","robots":{"index":"index","follow":"follow","max-snippet":"max-snippet:-1","max-image-preview":"max-image-preview:large","max-video-preview":"max-video-preview:-1"},"canonical":"https:\/\/aquaboulevard.fr\/es\/acceso-y-horarios\/","og_locale":"es_ES","og_type":"article","og_title":"Horario y acceso al Aquaboulevard","og_description":"Inf\u00f3rmese sobre los horarios de apertura y cierre del parque acu\u00e1tico. Abierto en verano e invierno, el acceso en coche o transporte p\u00fablico es r\u00e1pido y sencillo. Venga a vivir emociones fuertes con su familia o amigos en el Aquaboulevard de Par\u00eds;","og_url":"https:\/\/aquaboulevard.fr\/es\/acceso-y-horarios\/","og_site_name":"Aquaboulevard de Paris","article_modified_time":"2024-07-09T15:44:06+00:00","twitter_card":"summary_large_image","twitter_misc":{"Est. reading time":"7 minutes"},"schema":{"@context":"https:\/\/schema.org","@graph":[{"@type":"WebPage","@id":"https:\/\/aquaboulevard.fr\/es\/acceso-y-horarios\/","url":"https:\/\/aquaboulevard.fr\/es\/acceso-y-horarios\/","name":"Horario y acceso al Aquaboulevard","isPartOf":{"@id":"https:\/\/aquaboulevard.fr\/#website"},"datePublished":"2021-07-20T14:25:47+00:00","dateModified":"2024-07-09T15:44:06+00:00","description":"Inf\u00f3rmese sobre los horarios de apertura y cierre del parque acu\u00e1tico. Abierto en verano e invierno, el acceso en coche o transporte p\u00fablico es r\u00e1pido y sencillo. Venga a vivir emociones fuertes con su familia o amigos en el Aquaboulevard de Par\u00eds;","breadcrumb":{"@id":"https:\/\/aquaboulevard.fr\/es\/acceso-y-horarios\/#breadcrumb"},"inLanguage":"es-ES","potentialAction":[{"@type":"ReadAction","target":["https:\/\/aquaboulevard.fr\/es\/acceso-y-horarios\/"]}]},{"@type":"BreadcrumbList","@id":"https:\/\/aquaboulevard.fr\/es\/acceso-y-horarios\/#breadcrumb","itemListElement":[{"@type":"ListItem","position":1,"name":"Accueil","item":"https:\/\/aquaboulevard.fr\/es\/inicio\/"},{"@type":"ListItem","position":2,"name":"Acceso y horarios"}]},{"@type":"WebSite","@id":"https:\/\/aquaboulevard.fr\/#website","url":"https:\/\/aquaboulevard.fr\/","name":"Aquaboulevard de Paris","description":"Parc aquatique urbain","potentialAction":[{"@type":"SearchAction","target":{"@type":"EntryPoint","urlTemplate":"https:\/\/aquaboulevard.fr\/?s={search_term_string}"},"query-input":{"@type":"PropertyValueSpecification","valueRequired":true,"valueName":"search_term_string"}}],"inLanguage":"es-ES"}]}},"_links":{"self":[{"href":"https:\/\/aquaboulevard.fr\/es\/wp-json\/wp\/v2\/pages\/24047","targetHints":{"allow":["GET"]}}],"collection":[{"href":"https:\/\/aquaboulevard.fr\/es\/wp-json\/wp\/v2\/pages"}],"about":[{"href":"https:\/\/aquaboulevard.fr\/es\/wp-json\/wp\/v2\/types\/page"}],"author":[{"embeddable":true,"href":"https:\/\/aquaboulevard.fr\/es\/wp-json\/wp\/v2\/users\/990002"}],"replies":[{"embeddable":true,"href":"https:\/\/aquaboulevard.fr\/es\/wp-json\/wp\/v2\/comments?post=24047"}],"version-history":[{"count":9,"href":"https:\/\/aquaboulevard.fr\/es\/wp-json\/wp\/v2\/pages\/24047\/revisions"}],"predecessor-version":[{"id":36201,"href":"https:\/\/aquaboulevard.fr\/es\/wp-json\/wp\/v2\/pages\/24047\/revisions\/36201"}],"wp:attachment":[{"href":"https:\/\/aquaboulevard.fr\/es\/wp-json\/wp\/v2\/media?parent=24047"}],"curies":[{"name":"wp","href":"https:\/\/api.w.org\/{rel}","templated":true}]}}