{"id":23618,"date":"2021-11-22T15:38:56","date_gmt":"2021-11-22T14:38:56","guid":{"rendered":"https:\/\/aquaboulevard.fr\/seo-anniversaire-enfants-paris\/"},"modified":"2023-07-02T11:42:49","modified_gmt":"2023-07-02T09:42:49","slug":"seo-anniversaire-enfants-paris","status":"publish","type":"page","link":"https:\/\/aquaboulevard.fr\/en\/seo-anniversaire-enfants-paris\/","title":{"rendered":"SEO Anniversaire Enfants Paris"},"content":{"rendered":"<div class=\"wpb-content-wrapper\"><p>[vc_row full_width=&#8221;stretch_row&#8221; disable_element=&#8221;yes&#8221; css=&#8221;.vc_custom_1627048367269{background-image: url(https:\/\/aquaboulevard.fr\/wp-content\/uploads\/2017\/06\/bg-6-1.jpg?id=368) !important;background-position: center !important;background-repeat: no-repeat !important;background-size: cover !important;}&#8221;][vc_column][vc_empty_space alter_height=&#8221;huge&#8221; hide_on_mobile=&#8221;&#8221;][vc_empty_space alter_height=&#8221;huge&#8221; hide_on_mobile=&#8221;&#8221;][\/vc_column][\/vc_row][vc_row full_width=&#8221;stretch_row&#8221; css=&#8221;.vc_custom_1637589902794{background-position: 0 0 !important;background-repeat: no-repeat !important;}&#8221;][vc_column][vc_empty_space alter_height=&#8221;huge&#8221; hide_on_mobile=&#8221;&#8221;]<div id=\"sc_content_1875186977\"\n\t\tclass=\"sc_content color_style_default sc_content_default sc_float_center\"><div class=\"sc_content_container\">[vc_row_inner][vc_column_inner width=&#8221;1\/2&#8243;][vc_single_image image=&#8221;1531&#8243; img_size=&#8221;569&#215;635&#8243;][\/vc_column_inner][vc_column_inner width=&#8221;1\/2&#8243; offset=&#8221;vc_col-md-offset-1 vc_col-md-5&#8243;]<div id=\"sc_title_1299211387\"\n\t\tclass=\"sc_title color_style_default sc_title_default\"><h6 class=\"sc_item_subtitle sc_title_subtitle sc_align_left sc_item_title_style_default\">Organisez l'\u00e9v\u00e8nement \u00e0 l'Aquaboulevard<\/h6><h2 class=\"sc_item_title sc_title_title sc_align_left sc_item_title_style_default sc_item_title_tag\">Anniversaire pour Enfants<\/h2><\/div><!-- \/.sc_title -->[vc_empty_space alter_height=&#8221;medium&#8221; hide_on_mobile=&#8221;&#8221;][vc_column_text]<\/p>\n<h6>Located in the heart of the 15th arrondissement of Paris, Aquaboulevard is well known as Europe&#8217;s largest water park. But it&#8217;s also the ideal place for your child to celebrate his or her birthday in Paris with friends. The site organizes birthday parties for children in Paris. A host of activities are on offer for a day that promises to be truly unforgettable.<\/h6>\n<p>[\/vc_column_text][vc_empty_space alter_height=&#8221;medium&#8221; hide_on_mobile=&#8221;&#8221; css=&#8221;.vc_custom_1502789131405{margin-bottom: -0.35rem !important;}&#8221;][\/vc_column_inner][\/vc_row_inner]<\/div><\/div><!-- \/.sc_content -->[vc_empty_space alter_height=&#8221;huge&#8221; hide_on_mobile=&#8221;&#8221;][\/vc_column][\/vc_row][vc_row full_width=&#8221;stretch_row&#8221; scheme=&#8221;dark&#8221; css=&#8221;.vc_custom_1627316516864{background-image: url(https:\/\/aquaboulevard.fr\/wp-content\/uploads\/2017\/06\/blue_bg2.jpg?id=498) !important;background-position: center !important;background-repeat: no-repeat !important;background-size: cover !important;}&#8221;][vc_column][vc_empty_space alter_height=&#8221;none&#8221; hide_on_mobile=&#8221;&#8221;]<div id=\"sc_title_932367889\"\n\t\tclass=\"sc_title color_style_default sc_title_default\"><h6 class=\"sc_item_subtitle sc_title_subtitle sc_align_center sc_item_title_style_default\">Anniversaire chez<\/h6><h2 class=\"sc_item_title sc_title_title sc_align_center sc_item_title_style_default sc_item_title_tag\">les pirates ...<\/h2><\/div><!-- \/.sc_title -->[vc_empty_space alter_height=&#8221;none&#8221; hide_on_mobile=&#8221;&#8221;]<div id=\"sc_content_531052433\"\n\t\tclass=\"sc_content color_style_default sc_content_default sc_float_center\"><div class=\"sc_content_container\">[vc_row_inner][vc_column_inner width=&#8221;1\/2&#8243;][vc_empty_space height=&#8221;12px&#8221; alter_height=&#8221;none&#8221; hide_on_mobile=&#8221;&#8221;][vc_column_text]It&#8217;s your child&#8217;s birthday soon and you&#8217;re desperately looking for an original idea to make this big day a real celebration that he or she will never forget. You&#8217;ve already exhausted the snacks at home, the traditional entertainment, the decorations inspired by their favorite cartoons&#8230; In short, this time you&#8217;ve come up short, even though you&#8217;d so much like to organize a special birthday for her, full of joy and fantasy. Here&#8217;s an option you may not have thought of.<\/p>\n<p>Celebrate your child&#8217;s birthday in Paris and give him or her a memorable day at Aquaboulevard. The huge aquatic center offers a dream birthday party for children aged 5 to 14.<\/p>\n<p>The festivities take place over a morning, from 10.30am to 2pm, or an afternoon, from 2.30pm to 6pm. For this anniversary, the children are transformed into &#8220;pirates&#8221; and welcomed by &#8220;sailors&#8221; who are responsible for supervision and entertainment throughout the event.<\/p>\n<p>With the crew thus assembled, all aboard the Aquaboulevard and off to the &#8220;islands&#8221; of the water park. The journey begins. Children can bathe in water at 29\u00b0, discover wave pools, counter-current rivers, slides, geysers, water cannons, a waterfall, water mushrooms, Jacuzzis&#8230; and a life-size whale to visit in the slide.<\/p>\n<p>Meanwhile, parents are invited to relax at the water park, while the little ones are looked after by the activity leaders.<br \/>\nIn other words, this first part of the children&#8217;s birthday program is already very exciting&#8230; And all the more unforgettable because an aquatic photographer is on hand to immortalize the event. But that&#8217;s not all![\/vc_column_text][vc_empty_space alter_height=&#8221;medium&#8221; hide_on_mobile=&#8221;&#8221; css=&#8221;.vc_custom_1502789131405{margin-bottom: -0.35rem !important;}&#8221;][\/vc_column_inner][vc_column_inner width=&#8221;1\/2&#8243; offset=&#8221;vc_col-md-offset-1 vc_col-md-5&#8243;][vc_single_image image=&#8221;1534&#8243; img_size=&#8221;full&#8221;][\/vc_column_inner][\/vc_row_inner]<\/div><\/div><!-- \/.sc_content -->[vc_empty_space alter_height=&#8221;huge&#8221; hide_on_mobile=&#8221;&#8221;][\/vc_column][\/vc_row][vc_row full_width=&#8221;stretch_row&#8221; css=&#8221;.vc_custom_1637589902794{background-position: 0 0 !important;background-repeat: no-repeat !important;}&#8221;][vc_column][vc_empty_space alter_height=&#8221;huge&#8221; hide_on_mobile=&#8221;&#8221;]<div id=\"sc_content_534235367\"\n\t\tclass=\"sc_content color_style_default sc_content_default sc_float_center\"><div class=\"sc_content_container\">[vc_row_inner][vc_column_inner width=&#8221;1\/2&#8243;][vc_single_image image=&#8221;1839&#8243; img_size=&#8221;569&#215;635&#8243;][\/vc_column_inner][vc_column_inner width=&#8221;1\/2&#8243; offset=&#8221;vc_col-md-offset-1 vc_col-md-5&#8243;]<div id=\"sc_title_300089734\"\n\t\tclass=\"sc_title color_style_default sc_title_default\"><h6 class=\"sc_item_subtitle sc_title_subtitle sc_align_left sc_item_title_style_default\">Le festin des<\/h6><h2 class=\"sc_item_title sc_title_title sc_align_left sc_item_title_style_default sc_item_title_tag\">Moussaillons<\/h2><\/div><!-- \/.sc_title -->[vc_empty_space alter_height=&#8221;medium&#8221; hide_on_mobile=&#8221;&#8221;][vc_column_text]Once out of the water, the merry band meets up on the dance floor of the Moussaillons club or for a game of mini-golf, weather permitting. A chance to let off steam like in a nightclub, or for some to take their first steps on the golf course. And of course, the pirates can also enjoy a hearty lunch or snack prepared by the organizing team, and blow out the candles on the birthday cake.<\/p>\n<p>And to make sure your children&#8217;s birthday party in Paris is complete, every little pirate will leave with a little souvenir from the organizers. [\/vc_column_text][vc_empty_space alter_height=&#8221;medium&#8221; hide_on_mobile=&#8221;&#8221; css=&#8221;.vc_custom_1502789131405{margin-bottom: -0.35rem !important;}&#8221;][\/vc_column_inner][\/vc_row_inner]<\/div><\/div><!-- \/.sc_content -->[vc_empty_space alter_height=&#8221;huge&#8221; hide_on_mobile=&#8221;&#8221;][\/vc_column][\/vc_row]<\/p>\n<\/div>","protected":false},"excerpt":{"rendered":"<p>[vc_row full_width=&#8221;stretch_row&#8221; disable_element=&#8221;yes&#8221; css=&#8221;.vc_custom_1627048367269{background-image: url(https:\/\/aquaboulevard.fr\/wp-content\/uploads\/2017\/06\/bg-6-1.jpg?id=368) !important;background-position: center !important;background-repeat: no-repeat !important;background-size: cover !important;}&#8221;][vc_column][vc_empty_space alter_height=&#8221;huge&#8221; hide_on_mobile=&#8221;&#8221;][vc_empty_space alter_height=&#8221;huge&#8221; hide_on_mobile=&#8221;&#8221;][\/vc_column][\/vc_row][vc_row full_width=&#8221;stretch_row&#8221; css=&#8221;.vc_custom_1637589902794{background-position: 0 0 !important;background-repeat: no-repeat !important;}&#8221;][vc_column][vc_empty_space alter_height=&#8221;huge&#8221; hide_on_mobile=&#8221;&#8221;][vc_empty_space alter_height=&#8221;huge&#8221; hide_on_mobile=&#8221;&#8221;][\/vc_column][\/vc_row][vc_row full_width=&#8221;stretch_row&#8221; scheme=&#8221;dark&#8221; css=&#8221;.vc_custom_1627316516864{background-image: url(https:\/\/aquaboulevard.fr\/wp-content\/uploads\/2017\/06\/blue_bg2.jpg?id=498) !important;background-position: center !important;background-repeat: no-repeat !important;background-size: cover !important;}&#8221;][vc_column][vc_empty_space alter_height=&#8221;none&#8221; hide_on_mobile=&#8221;&#8221;][vc_empty_space alter_height=&#8221;none&#8221; hide_on_mobile=&#8221;&#8221;][vc_empty_space alter_height=&#8221;huge&#8221; hide_on_mobile=&#8221;&#8221;][\/vc_column][\/vc_row][vc_row full_width=&#8221;stretch_row&#8221; css=&#8221;.vc_custom_1637589902794{background-position: 0 0 !important;background-repeat: no-repeat !important;}&#8221;][vc_column][vc_empty_space alter_height=&#8221;huge&#8221; hide_on_mobile=&#8221;&#8221;][vc_empty_space alter_height=&#8221;huge&#8221; hide_on_mobile=&#8221;&#8221;][\/vc_column][\/vc_row]<\/p>\n","protected":false},"author":992095,"featured_media":0,"parent":0,"menu_order":0,"comment_status":"closed","ping_status":"closed","template":"","meta":{"footnotes":""},"class_list":["post-23618","page","type-page","status-publish","hentry"],"yoast_head":"<!-- This site is optimized with the Yoast SEO plugin v27.2 - https:\/\/yoast.com\/product\/yoast-seo-wordpress\/ -->\n<title>Children&#039;s birthday party Paris : OFFICIAL WEBSITE<\/title>\n<meta name=\"description\" content=\"Celebrate your child&#039;s birthday in Paris when you come to the 15th arrondissement. Birthday party with entertainers, water games, dancing, mini-golf, snack and birthday cake.\" \/>\n<meta name=\"robots\" content=\"index, follow, max-snippet:-1, max-image-preview:large, max-video-preview:-1\" \/>\n<link rel=\"canonical\" href=\"https:\/\/aquaboulevard.fr\/en\/seo-anniversaire-enfants-paris\/\" \/>\n<meta property=\"og:locale\" content=\"en_US\" \/>\n<meta property=\"og:type\" content=\"article\" \/>\n<meta property=\"og:title\" content=\"Children&#039;s birthday party Paris : OFFICIAL WEBSITE\" \/>\n<meta property=\"og:description\" content=\"Celebrate your child&#039;s birthday in Paris when you come to the 15th arrondissement. Birthday party with entertainers, water games, dancing, mini-golf, snack and birthday cake.\" \/>\n<meta property=\"og:url\" content=\"https:\/\/aquaboulevard.fr\/en\/seo-anniversaire-enfants-paris\/\" \/>\n<meta property=\"og:site_name\" content=\"Aquaboulevard de Paris\" \/>\n<meta property=\"article:modified_time\" content=\"2023-07-02T09:42:49+00:00\" \/>\n<meta name=\"twitter:card\" content=\"summary_large_image\" \/>\n<meta name=\"twitter:label1\" content=\"Est. reading time\" \/>\n\t<meta name=\"twitter:data1\" content=\"5 minutes\" \/>\n<script type=\"application\/ld+json\" class=\"yoast-schema-graph\">{\"@context\":\"https:\/\/schema.org\",\"@graph\":[{\"@type\":\"WebPage\",\"@id\":\"https:\/\/aquaboulevard.fr\/en\/seo-anniversaire-enfants-paris\/\",\"url\":\"https:\/\/aquaboulevard.fr\/en\/seo-anniversaire-enfants-paris\/\",\"name\":\"Children's birthday party Paris : OFFICIAL WEBSITE\",\"isPartOf\":{\"@id\":\"https:\/\/aquaboulevard.fr\/#website\"},\"datePublished\":\"2021-11-22T14:38:56+00:00\",\"dateModified\":\"2023-07-02T09:42:49+00:00\",\"description\":\"Celebrate your child's birthday in Paris when you come to the 15th arrondissement. Birthday party with entertainers, water games, dancing, mini-golf, snack and birthday cake.\",\"breadcrumb\":{\"@id\":\"https:\/\/aquaboulevard.fr\/en\/seo-anniversaire-enfants-paris\/#breadcrumb\"},\"inLanguage\":\"en-US\",\"potentialAction\":[{\"@type\":\"ReadAction\",\"target\":[\"https:\/\/aquaboulevard.fr\/en\/seo-anniversaire-enfants-paris\/\"]}]},{\"@type\":\"BreadcrumbList\",\"@id\":\"https:\/\/aquaboulevard.fr\/en\/seo-anniversaire-enfants-paris\/#breadcrumb\",\"itemListElement\":[{\"@type\":\"ListItem\",\"position\":1,\"name\":\"Accueil\",\"item\":\"https:\/\/aquaboulevard.fr\/en\/\"},{\"@type\":\"ListItem\",\"position\":2,\"name\":\"SEO Anniversaire Enfants Paris\"}]},{\"@type\":\"WebSite\",\"@id\":\"https:\/\/aquaboulevard.fr\/#website\",\"url\":\"https:\/\/aquaboulevard.fr\/\",\"name\":\"Aquaboulevard de Paris\",\"description\":\"Parc aquatique urbain\",\"potentialAction\":[{\"@type\":\"SearchAction\",\"target\":{\"@type\":\"EntryPoint\",\"urlTemplate\":\"https:\/\/aquaboulevard.fr\/?s={search_term_string}\"},\"query-input\":{\"@type\":\"PropertyValueSpecification\",\"valueRequired\":true,\"valueName\":\"search_term_string\"}}],\"inLanguage\":\"en-US\"}]}<\/script>\n<!-- \/ Yoast SEO plugin. -->","yoast_head_json":{"title":"Children's birthday party Paris : OFFICIAL WEBSITE","description":"Celebrate your child's birthday in Paris when you come to the 15th arrondissement. Birthday party with entertainers, water games, dancing, mini-golf, snack and birthday cake.","robots":{"index":"index","follow":"follow","max-snippet":"max-snippet:-1","max-image-preview":"max-image-preview:large","max-video-preview":"max-video-preview:-1"},"canonical":"https:\/\/aquaboulevard.fr\/en\/seo-anniversaire-enfants-paris\/","og_locale":"en_US","og_type":"article","og_title":"Children's birthday party Paris : OFFICIAL WEBSITE","og_description":"Celebrate your child's birthday in Paris when you come to the 15th arrondissement. Birthday party with entertainers, water games, dancing, mini-golf, snack and birthday cake.","og_url":"https:\/\/aquaboulevard.fr\/en\/seo-anniversaire-enfants-paris\/","og_site_name":"Aquaboulevard de Paris","article_modified_time":"2023-07-02T09:42:49+00:00","twitter_card":"summary_large_image","twitter_misc":{"Est. reading time":"5 minutes"},"schema":{"@context":"https:\/\/schema.org","@graph":[{"@type":"WebPage","@id":"https:\/\/aquaboulevard.fr\/en\/seo-anniversaire-enfants-paris\/","url":"https:\/\/aquaboulevard.fr\/en\/seo-anniversaire-enfants-paris\/","name":"Children's birthday party Paris : OFFICIAL WEBSITE","isPartOf":{"@id":"https:\/\/aquaboulevard.fr\/#website"},"datePublished":"2021-11-22T14:38:56+00:00","dateModified":"2023-07-02T09:42:49+00:00","description":"Celebrate your child's birthday in Paris when you come to the 15th arrondissement. Birthday party with entertainers, water games, dancing, mini-golf, snack and birthday cake.","breadcrumb":{"@id":"https:\/\/aquaboulevard.fr\/en\/seo-anniversaire-enfants-paris\/#breadcrumb"},"inLanguage":"en-US","potentialAction":[{"@type":"ReadAction","target":["https:\/\/aquaboulevard.fr\/en\/seo-anniversaire-enfants-paris\/"]}]},{"@type":"BreadcrumbList","@id":"https:\/\/aquaboulevard.fr\/en\/seo-anniversaire-enfants-paris\/#breadcrumb","itemListElement":[{"@type":"ListItem","position":1,"name":"Accueil","item":"https:\/\/aquaboulevard.fr\/en\/"},{"@type":"ListItem","position":2,"name":"SEO Anniversaire Enfants Paris"}]},{"@type":"WebSite","@id":"https:\/\/aquaboulevard.fr\/#website","url":"https:\/\/aquaboulevard.fr\/","name":"Aquaboulevard de Paris","description":"Parc aquatique urbain","potentialAction":[{"@type":"SearchAction","target":{"@type":"EntryPoint","urlTemplate":"https:\/\/aquaboulevard.fr\/?s={search_term_string}"},"query-input":{"@type":"PropertyValueSpecification","valueRequired":true,"valueName":"search_term_string"}}],"inLanguage":"en-US"}]}},"_links":{"self":[{"href":"https:\/\/aquaboulevard.fr\/en\/wp-json\/wp\/v2\/pages\/23618","targetHints":{"allow":["GET"]}}],"collection":[{"href":"https:\/\/aquaboulevard.fr\/en\/wp-json\/wp\/v2\/pages"}],"about":[{"href":"https:\/\/aquaboulevard.fr\/en\/wp-json\/wp\/v2\/types\/page"}],"author":[{"embeddable":true,"href":"https:\/\/aquaboulevard.fr\/en\/wp-json\/wp\/v2\/users\/992095"}],"replies":[{"embeddable":true,"href":"https:\/\/aquaboulevard.fr\/en\/wp-json\/wp\/v2\/comments?post=23618"}],"version-history":[{"count":3,"href":"https:\/\/aquaboulevard.fr\/en\/wp-json\/wp\/v2\/pages\/23618\/revisions"}],"predecessor-version":[{"id":23621,"href":"https:\/\/aquaboulevard.fr\/en\/wp-json\/wp\/v2\/pages\/23618\/revisions\/23621"}],"wp:attachment":[{"href":"https:\/\/aquaboulevard.fr\/en\/wp-json\/wp\/v2\/media?parent=23618"}],"curies":[{"name":"wp","href":"https:\/\/api.w.org\/{rel}","templated":true}]}}